{"id":529,"date":"2024-11-16T17:30:18","date_gmt":"2024-11-16T17:30:18","guid":{"rendered":"https:\/\/nachhaltigkeitskompass-niedersachsen.de\/?page_id=529"},"modified":"2024-11-16T17:30:20","modified_gmt":"2024-11-16T17:30:20","slug":"impressum","status":"publish","type":"page","link":"https:\/\/nachhaltigkeitskompass-niedersachsen.de\/?page_id=529","title":{"rendered":"Impressum"},"content":{"rendered":"\n<div class=\"wp-block-columns is-layout-flex wp-container-core-columns-is-layout-28f84493 wp-block-columns-is-layout-flex\">\n<div class=\"wp-block-column is-layout-flow wp-block-column-is-layout-flow\">\n<p>Angaben gem\u00e4\u00df \u00a7 5 TMG:<br>Wolfsburg Wirtschaft und Marketing GmbH<br>Porschestra\u00dfe 2<\/p>\n<\/div>\n\n\n\n<div class=\"wp-block-column is-layout-flow wp-block-column-is-layout-flow\">\n<figure class=\"wp-block-image aligncenter\"><img decoding=\"async\" src=\"https:\/\/i0.wp.com\/aboutcities.de\/wp-content\/uploads\/2018\/05\/siegel-impressum.png?resize=120%2C155&amp;ssl=1\" alt=\"\" class=\"wp-image-17036\"\/><\/figure>\n<\/div>\n\n\n\n<div class=\"wp-block-column is-layout-flow wp-block-column-is-layout-flow\">\n<figure class=\"wp-block-image\"><img decoding=\"async\" src=\"https:\/\/i0.wp.com\/aboutcities.de\/wp-content\/uploads\/2018\/05\/siegel-impressum.png?resize=120%2C155&amp;ssl=1\" alt=\"\" class=\"wp-image-17036\"\/><\/figure>\n<\/div>\n<\/div>\n\n\n\n<p><\/p>\n\n\n\n<p><\/p>\n\n\n\n<h3 class=\"wp-block-heading\">Kontakt:<\/h3>\n\n\n\n<div class=\"wp-block-columns is-layout-flex wp-container-core-columns-is-layout-28f84493 wp-block-columns-is-layout-flex\">\n<div class=\"wp-block-column is-layout-flow wp-block-column-is-layout-flow\">\n<p><strong>Sprecher:<\/strong><br>Christoph Kaufmann<br>Porschestra\u00dfe 2<br>38440 Wolfsburg<\/p>\n<\/div>\n\n\n\n<div class=\"wp-block-column is-layout-flow wp-block-column-is-layout-flow\">\n<p><strong>Postalisch:<\/strong><br>aboutcities Gesch\u00e4ftsstelle<br>Erlebnis Bremerhaven GmbH<br>H.-H.-Meier Stra\u00dfe 6<br>27568 Bremerhaven<\/p>\n<\/div>\n\n\n\n<div class=\"wp-block-column is-layout-flow wp-block-column-is-layout-flow\">\n<p><strong>Rechnungsstellung:<\/strong><br>aboutcities Finanzdirektion<br>Stadt Wolfenb\u00fcttel<br>Stadtmarkt 3-6<br>38300 Wolfenb\u00fcttel<\/p>\n<\/div>\n<\/div>\n\n\n\n<p><strong>Telefon:<\/strong><br>+49 53 61. 899 94 \u2013\u00a00<br><strong>Telefax:<\/strong><br>+49 53 61. 899 94 \u2013 19<br><strong>E-Mail:<\/strong><br>kaufmann@wmg-wolfsburg.de<\/p>\n\n\n\n<p><\/p>\n\n\n\n<p><\/p>\n\n\n\n<h3 class=\"wp-block-heading\">Registereintrag:<\/h3>\n\n\n\n<p>Eintragung im Handelsregister.<br>Registergericht:Amtsgericht Braunschweig<br>Registernummer: HR B 200166<\/p>\n\n\n\n<h3 class=\"wp-block-heading\">Umsatzsteuer-ID:<\/h3>\n\n\n\n<p>Umsatzsteuer-Identifikationsnummer gem\u00e4\u00df \u00a727 a Umsatzsteuergesetz: DE 116882937<br>(Finanzverwaltung durch die Stadt Wolfenb\u00fcttel, Stadtmarkt 3-6, 38300 Wolfenb\u00fcttel)<\/p>\n\n\n\n<h3 class=\"wp-block-heading\">Verantwortlich f\u00fcr den Inhalt nach \u00a7 55 Abs. 2 RStV:<\/h3>\n\n\n\n<p>Verantwortlich f\u00fcr den Inhalt sind die jeweils neben den Texten genannten Autoren.<\/p>\n\n\n\n<h3 class=\"wp-block-heading\">Streitschlichtung<\/h3>\n\n\n\n<p>Die Europ\u00e4ische Kommission stellt eine Plattform zur Online-Streitbeilegung (OS) bereit:&nbsp;<a href=\"https:\/\/ec.europa.eu\/consumers\/odr\" target=\"_blank\" rel=\"noreferrer noopener\">https:\/\/ec.europa.eu\/consumers\/odr<\/a>.<br>Unsere E-Mail-Adresse finden Sie oben im Impressum.<\/p>\n\n\n\n<p>Wir sind nicht bereit oder verpflichtet, an Streitbeilegungsverfahren vor einer Verbraucherschlichtungsstelle teilzunehmen.<\/p>\n\n\n\n<h3 class=\"wp-block-heading\">Haftung f\u00fcr Inhalte<\/h3>\n\n\n\n<p>Als Diensteanbieter sind wir gem\u00e4\u00df \u00a7 7 Abs.1 TMG f\u00fcr eigene Inhalte auf diesen Seiten nach den allgemeinen Gesetzen verantwortlich. Nach \u00a7\u00a7 8 bis 10 TMG sind wir als Diensteanbieter jedoch nicht verpflichtet, \u00fcbermittelte oder gespeicherte fremde Informationen zu \u00fcberwachen oder nach Umst\u00e4nden zu forschen, die auf eine rechtswidrige T\u00e4tigkeit hinweisen.<\/p>\n\n\n\n<p>Verpflichtungen zur Entfernung oder Sperrung der Nutzung von Informationen nach den allgemeinen Gesetzen bleiben hiervon unber\u00fchrt. Eine diesbez\u00fcgliche Haftung ist jedoch erst ab dem Zeitpunkt der Kenntnis einer konkreten Rechtsverletzung m\u00f6glich. Bei Bekanntwerden von entsprechenden Rechtsverletzungen werden wir diese Inhalte umgehend entfernen.<\/p>\n\n\n\n<h3 class=\"wp-block-heading\">Haftung f\u00fcr Links<\/h3>\n\n\n\n<p>Unser Angebot enth\u00e4lt Links zu externen Websites Dritter, auf deren Inhalte wir keinen Einfluss haben. Deshalb k\u00f6nnen wir f\u00fcr diese fremden Inhalte auch keine Gew\u00e4hr \u00fcbernehmen. F\u00fcr die Inhalte der verlinkten Seiten ist stets der jeweilige Anbieter oder Betreiber der Seiten verantwortlich. Die verlinkten Seiten wurden zum Zeitpunkt der Verlinkung auf m\u00f6gliche Rechtsverst\u00f6\u00dfe \u00fcberpr\u00fcft. Rechtswidrige Inhalte waren zum Zeitpunkt der Verlinkung nicht erkennbar.<\/p>\n\n\n\n<p>Eine permanente inhaltliche Kontrolle der verlinkten Seiten ist jedoch ohne konkrete Anhaltspunkte einer Rechtsverletzung nicht zumutbar. Bei Bekanntwerden von Rechtsverletzungen werden wir derartige Links umgehend entfernen.<\/p>\n\n\n\n<h3 class=\"wp-block-heading\">Urheberrecht<\/h3>\n\n\n\n<p>Die durch die Seitenbetreiber erstellten Inhalte und Werke auf diesen Seiten unterliegen dem deutschen Urheberrecht. Die Vervielf\u00e4ltigung, Bearbeitung, Verbreitung und jede Art der Verwertung au\u00dferhalb der Grenzen des Urheberrechtes bed\u00fcrfen der schriftlichen Zustimmung des jeweiligen Autors bzw. Erstellers. Downloads und Kopien dieser Seite sind nur f\u00fcr den privaten, nicht kommerziellen Gebrauch gestattet.<\/p>\n\n\n\n<p>Soweit die Inhalte auf dieser Seite nicht vom Betreiber erstellt wurden, werden die Urheberrechte Dritter beachtet. Insbesondere werden Inhalte Dritter als solche gekennzeichnet. Sollten Sie trotzdem auf eine Urheberrechtsverletzung aufmerksam werden, bitten wir um einen entsprechenden Hinweis. Bei Bekanntwerden von Rechtsverletzungen werden wir derartige Inhalte umgehend entfernen.<\/p>\n\n\n\n<h3 class=\"wp-block-heading\">Logo:<\/h3>\n\n\n\n<p>just be GmbH<\/p>\n\n\n\n<h3 class=\"wp-block-heading\">Webdesign und technische Umsetzung:<\/h3>\n\n\n\n<p><strong>eniky GmbH | Berlin<\/strong><br>Webdesign | WordPress-Agentur | Joomla-Agentur&nbsp;<a href=\"http:\/\/www.eniky.com\/\" target=\"_blank\" rel=\"noreferrer noopener\">http:\/\/www.eniky.com<\/a><\/p>\n\n\n\n<p><strong>In Kooperation mit:<\/strong><br>designenergie Werbeagentur GmbH &amp; Co. KG&nbsp;|&nbsp;<a href=\"http:\/\/designenergie-werbeagentur-berlin.de\/\" target=\"_blank\" rel=\"noreferrer noopener\">http:\/\/designenergie-werbeagentur-berlin.de\/<\/a><\/p>\n\n\n\n<h3 class=\"wp-block-heading\">Technische &amp; konzeptionelle Betreuung seit April 2019:<\/h3>\n\n\n\n<p><a href=\"https:\/\/www.eniky.com\/\" target=\"_blank\" rel=\"noreferrer noopener\">eniky GmbH<\/a><\/p>\n\n\n\n<h3 class=\"wp-block-heading\">Quellenangaben f\u00fcr die verwendeten Bilder und Grafiken:<\/h3>\n\n\n\n<p>Soweit nicht anders angegeben, liegen die Bildrechte bei den kommunizierenden St\u00e4dten. In anderen F\u00e4lle werden die Bildrechte direkt dem jeweiligen Foto zugeordnet und angezeigt.<\/p>\n\n\n\n<p><\/p>\n","protected":false},"excerpt":{"rendered":"<p>Angaben gem\u00e4\u00df \u00a7 5 TMG:Wolfsburg Wirtschaft und Marketing GmbHPorschestra\u00dfe 2 Kontakt: Sprecher:Christoph KaufmannPorschestra\u00dfe 238440 Wolfsburg Postalisch:aboutcities Gesch\u00e4ftsstelleErlebnis Bremerhaven GmbHH.-H.-Meier Stra\u00dfe 627568 Bremerhaven Rechnungsstellung:aboutcities FinanzdirektionStadt Wolfenb\u00fcttelStadtmarkt 3-638300 Wolfenb\u00fcttel Telefon:+49 53 61. 899 94 \u2013\u00a00Telefax:+49 53 61. 899 94 \u2013 19E-Mail:kaufmann@wmg-wolfsburg.de Registereintrag: Eintragung im Handelsregister.Registergericht:Amtsgericht BraunschweigRegisternummer: HR B 200166 Umsatzsteuer-ID: Umsatzsteuer-Identifikationsnummer gem\u00e4\u00df \u00a727 a Umsatzsteuergesetz: DE 116882937(Finanzverwaltung [&hellip;]<\/p>\n","protected":false},"author":4,"featured_media":0,"parent":0,"menu_order":0,"comment_status":"closed","ping_status":"closed","template":"","meta":{"footnotes":""},"class_list":["post-529","page","type-page","status-publish","hentry"],"yoast_head":"<!-- This site is optimized with the Yoast SEO plugin v27.4 - https:\/\/yoast.com\/product\/yoast-seo-wordpress\/ -->\n<title>Impressum - Nachhaltigskeitskompass Niedersachsen<\/title>\n<meta name=\"robots\" content=\"index, follow, max-snippet:-1, max-image-preview:large, max-video-preview:-1\" \/>\n<link rel=\"canonical\" href=\"https:\/\/nachhaltigkeitskompass-niedersachsen.de\/?page_id=529\" \/>\n<meta property=\"og:locale\" content=\"de_DE\" \/>\n<meta property=\"og:type\" content=\"article\" \/>\n<meta property=\"og:title\" content=\"Impressum - Nachhaltigskeitskompass Niedersachsen\" \/>\n<meta property=\"og:description\" content=\"Angaben gem\u00e4\u00df \u00a7 5 TMG:Wolfsburg Wirtschaft und Marketing GmbHPorschestra\u00dfe 2 Kontakt: Sprecher:Christoph KaufmannPorschestra\u00dfe 238440 Wolfsburg Postalisch:aboutcities Gesch\u00e4ftsstelleErlebnis Bremerhaven GmbHH.-H.-Meier Stra\u00dfe 627568 Bremerhaven Rechnungsstellung:aboutcities FinanzdirektionStadt Wolfenb\u00fcttelStadtmarkt 3-638300 Wolfenb\u00fcttel Telefon:+49 53 61. 899 94 \u2013\u00a00Telefax:+49 53 61. 899 94 \u2013 19E-Mail:kaufmann@wmg-wolfsburg.de Registereintrag: Eintragung im Handelsregister.Registergericht:Amtsgericht BraunschweigRegisternummer: HR B 200166 Umsatzsteuer-ID: Umsatzsteuer-Identifikationsnummer gem\u00e4\u00df \u00a727 a Umsatzsteuergesetz: DE 116882937(Finanzverwaltung [&hellip;]\" \/>\n<meta property=\"og:url\" content=\"https:\/\/nachhaltigkeitskompass-niedersachsen.de\/?page_id=529\" \/>\n<meta property=\"og:site_name\" content=\"Nachhaltigskeitskompass Niedersachsen\" \/>\n<meta property=\"article:modified_time\" content=\"2024-11-16T17:30:20+00:00\" \/>\n<meta name=\"twitter:card\" content=\"summary_large_image\" \/>\n<meta name=\"twitter:label1\" content=\"Gesch\u00e4tzte Lesezeit\" \/>\n\t<meta name=\"twitter:data1\" content=\"4\u00a0Minuten\" \/>\n<script type=\"application\/ld+json\" class=\"yoast-schema-graph\">{\"@context\":\"https:\\\/\\\/schema.org\",\"@graph\":[{\"@type\":\"WebPage\",\"@id\":\"https:\\\/\\\/nachhaltigkeitskompass-niedersachsen.de\\\/?page_id=529\",\"url\":\"https:\\\/\\\/nachhaltigkeitskompass-niedersachsen.de\\\/?page_id=529\",\"name\":\"Impressum - Nachhaltigskeitskompass Niedersachsen\",\"isPartOf\":{\"@id\":\"https:\\\/\\\/nachhaltigkeitskompass-niedersachsen.de\\\/#website\"},\"primaryImageOfPage\":{\"@id\":\"https:\\\/\\\/nachhaltigkeitskompass-niedersachsen.de\\\/?page_id=529#primaryimage\"},\"image\":{\"@id\":\"https:\\\/\\\/nachhaltigkeitskompass-niedersachsen.de\\\/?page_id=529#primaryimage\"},\"thumbnailUrl\":\"https:\\\/\\\/i0.wp.com\\\/aboutcities.de\\\/wp-content\\\/uploads\\\/2018\\\/05\\\/siegel-impressum.png?resize=120%2C155&amp;ssl=1\",\"datePublished\":\"2024-11-16T17:30:18+00:00\",\"dateModified\":\"2024-11-16T17:30:20+00:00\",\"breadcrumb\":{\"@id\":\"https:\\\/\\\/nachhaltigkeitskompass-niedersachsen.de\\\/?page_id=529#breadcrumb\"},\"inLanguage\":\"de\",\"potentialAction\":[{\"@type\":\"ReadAction\",\"target\":[\"https:\\\/\\\/nachhaltigkeitskompass-niedersachsen.de\\\/?page_id=529\"]}]},{\"@type\":\"ImageObject\",\"inLanguage\":\"de\",\"@id\":\"https:\\\/\\\/nachhaltigkeitskompass-niedersachsen.de\\\/?page_id=529#primaryimage\",\"url\":\"https:\\\/\\\/i0.wp.com\\\/aboutcities.de\\\/wp-content\\\/uploads\\\/2018\\\/05\\\/siegel-impressum.png?resize=120%2C155&amp;ssl=1\",\"contentUrl\":\"https:\\\/\\\/i0.wp.com\\\/aboutcities.de\\\/wp-content\\\/uploads\\\/2018\\\/05\\\/siegel-impressum.png?resize=120%2C155&amp;ssl=1\"},{\"@type\":\"BreadcrumbList\",\"@id\":\"https:\\\/\\\/nachhaltigkeitskompass-niedersachsen.de\\\/?page_id=529#breadcrumb\",\"itemListElement\":[{\"@type\":\"ListItem\",\"position\":1,\"name\":\"Startseite\",\"item\":\"https:\\\/\\\/nachhaltigkeitskompass-niedersachsen.de\\\/\"},{\"@type\":\"ListItem\",\"position\":2,\"name\":\"Impressum\"}]},{\"@type\":\"WebSite\",\"@id\":\"https:\\\/\\\/nachhaltigkeitskompass-niedersachsen.de\\\/#website\",\"url\":\"https:\\\/\\\/nachhaltigkeitskompass-niedersachsen.de\\\/\",\"name\":\"Nachhaltigskeitskompass Niedersachsen\",\"description\":\"\",\"publisher\":{\"@id\":\"https:\\\/\\\/nachhaltigkeitskompass-niedersachsen.de\\\/#organization\"},\"potentialAction\":[{\"@type\":\"SearchAction\",\"target\":{\"@type\":\"EntryPoint\",\"urlTemplate\":\"https:\\\/\\\/nachhaltigkeitskompass-niedersachsen.de\\\/?s={search_term_string}\"},\"query-input\":{\"@type\":\"PropertyValueSpecification\",\"valueRequired\":true,\"valueName\":\"search_term_string\"}}],\"inLanguage\":\"de\"},{\"@type\":\"Organization\",\"@id\":\"https:\\\/\\\/nachhaltigkeitskompass-niedersachsen.de\\\/#organization\",\"name\":\"Nachhaltigskeitskompass Niedersachsen\",\"url\":\"https:\\\/\\\/nachhaltigkeitskompass-niedersachsen.de\\\/\",\"logo\":{\"@type\":\"ImageObject\",\"inLanguage\":\"de\",\"@id\":\"https:\\\/\\\/nachhaltigkeitskompass-niedersachsen.de\\\/#\\\/schema\\\/logo\\\/image\\\/\",\"url\":\"https:\\\/\\\/nachhaltigkeitskompass-niedersachsen.de\\\/wp-content\\\/uploads\\\/2024\\\/04\\\/logo-about-cities-transparent-frei-schrift-weiss-1.webp\",\"contentUrl\":\"https:\\\/\\\/nachhaltigkeitskompass-niedersachsen.de\\\/wp-content\\\/uploads\\\/2024\\\/04\\\/logo-about-cities-transparent-frei-schrift-weiss-1.webp\",\"width\":300,\"height\":283,\"caption\":\"Nachhaltigskeitskompass Niedersachsen\"},\"image\":{\"@id\":\"https:\\\/\\\/nachhaltigkeitskompass-niedersachsen.de\\\/#\\\/schema\\\/logo\\\/image\\\/\"}}]}<\/script>\n<!-- \/ Yoast SEO plugin. -->","yoast_head_json":{"title":"Impressum - Nachhaltigskeitskompass Niedersachsen","robots":{"index":"index","follow":"follow","max-snippet":"max-snippet:-1","max-image-preview":"max-image-preview:large","max-video-preview":"max-video-preview:-1"},"canonical":"https:\/\/nachhaltigkeitskompass-niedersachsen.de\/?page_id=529","og_locale":"de_DE","og_type":"article","og_title":"Impressum - Nachhaltigskeitskompass Niedersachsen","og_description":"Angaben gem\u00e4\u00df \u00a7 5 TMG:Wolfsburg Wirtschaft und Marketing GmbHPorschestra\u00dfe 2 Kontakt: Sprecher:Christoph KaufmannPorschestra\u00dfe 238440 Wolfsburg Postalisch:aboutcities Gesch\u00e4ftsstelleErlebnis Bremerhaven GmbHH.-H.-Meier Stra\u00dfe 627568 Bremerhaven Rechnungsstellung:aboutcities FinanzdirektionStadt Wolfenb\u00fcttelStadtmarkt 3-638300 Wolfenb\u00fcttel Telefon:+49 53 61. 899 94 \u2013\u00a00Telefax:+49 53 61. 899 94 \u2013 19E-Mail:kaufmann@wmg-wolfsburg.de Registereintrag: Eintragung im Handelsregister.Registergericht:Amtsgericht BraunschweigRegisternummer: HR B 200166 Umsatzsteuer-ID: Umsatzsteuer-Identifikationsnummer gem\u00e4\u00df \u00a727 a Umsatzsteuergesetz: DE 116882937(Finanzverwaltung [&hellip;]","og_url":"https:\/\/nachhaltigkeitskompass-niedersachsen.de\/?page_id=529","og_site_name":"Nachhaltigskeitskompass Niedersachsen","article_modified_time":"2024-11-16T17:30:20+00:00","twitter_card":"summary_large_image","twitter_misc":{"Gesch\u00e4tzte Lesezeit":"4\u00a0Minuten"},"schema":{"@context":"https:\/\/schema.org","@graph":[{"@type":"WebPage","@id":"https:\/\/nachhaltigkeitskompass-niedersachsen.de\/?page_id=529","url":"https:\/\/nachhaltigkeitskompass-niedersachsen.de\/?page_id=529","name":"Impressum - Nachhaltigskeitskompass Niedersachsen","isPartOf":{"@id":"https:\/\/nachhaltigkeitskompass-niedersachsen.de\/#website"},"primaryImageOfPage":{"@id":"https:\/\/nachhaltigkeitskompass-niedersachsen.de\/?page_id=529#primaryimage"},"image":{"@id":"https:\/\/nachhaltigkeitskompass-niedersachsen.de\/?page_id=529#primaryimage"},"thumbnailUrl":"https:\/\/i0.wp.com\/aboutcities.de\/wp-content\/uploads\/2018\/05\/siegel-impressum.png?resize=120%2C155&amp;ssl=1","datePublished":"2024-11-16T17:30:18+00:00","dateModified":"2024-11-16T17:30:20+00:00","breadcrumb":{"@id":"https:\/\/nachhaltigkeitskompass-niedersachsen.de\/?page_id=529#breadcrumb"},"inLanguage":"de","potentialAction":[{"@type":"ReadAction","target":["https:\/\/nachhaltigkeitskompass-niedersachsen.de\/?page_id=529"]}]},{"@type":"ImageObject","inLanguage":"de","@id":"https:\/\/nachhaltigkeitskompass-niedersachsen.de\/?page_id=529#primaryimage","url":"https:\/\/i0.wp.com\/aboutcities.de\/wp-content\/uploads\/2018\/05\/siegel-impressum.png?resize=120%2C155&amp;ssl=1","contentUrl":"https:\/\/i0.wp.com\/aboutcities.de\/wp-content\/uploads\/2018\/05\/siegel-impressum.png?resize=120%2C155&amp;ssl=1"},{"@type":"BreadcrumbList","@id":"https:\/\/nachhaltigkeitskompass-niedersachsen.de\/?page_id=529#breadcrumb","itemListElement":[{"@type":"ListItem","position":1,"name":"Startseite","item":"https:\/\/nachhaltigkeitskompass-niedersachsen.de\/"},{"@type":"ListItem","position":2,"name":"Impressum"}]},{"@type":"WebSite","@id":"https:\/\/nachhaltigkeitskompass-niedersachsen.de\/#website","url":"https:\/\/nachhaltigkeitskompass-niedersachsen.de\/","name":"Nachhaltigskeitskompass Niedersachsen","description":"","publisher":{"@id":"https:\/\/nachhaltigkeitskompass-niedersachsen.de\/#organization"},"potentialAction":[{"@type":"SearchAction","target":{"@type":"EntryPoint","urlTemplate":"https:\/\/nachhaltigkeitskompass-niedersachsen.de\/?s={search_term_string}"},"query-input":{"@type":"PropertyValueSpecification","valueRequired":true,"valueName":"search_term_string"}}],"inLanguage":"de"},{"@type":"Organization","@id":"https:\/\/nachhaltigkeitskompass-niedersachsen.de\/#organization","name":"Nachhaltigskeitskompass Niedersachsen","url":"https:\/\/nachhaltigkeitskompass-niedersachsen.de\/","logo":{"@type":"ImageObject","inLanguage":"de","@id":"https:\/\/nachhaltigkeitskompass-niedersachsen.de\/#\/schema\/logo\/image\/","url":"https:\/\/nachhaltigkeitskompass-niedersachsen.de\/wp-content\/uploads\/2024\/04\/logo-about-cities-transparent-frei-schrift-weiss-1.webp","contentUrl":"https:\/\/nachhaltigkeitskompass-niedersachsen.de\/wp-content\/uploads\/2024\/04\/logo-about-cities-transparent-frei-schrift-weiss-1.webp","width":300,"height":283,"caption":"Nachhaltigskeitskompass Niedersachsen"},"image":{"@id":"https:\/\/nachhaltigkeitskompass-niedersachsen.de\/#\/schema\/logo\/image\/"}}]}},"_links":{"self":[{"href":"https:\/\/nachhaltigkeitskompass-niedersachsen.de\/index.php?rest_route=\/wp\/v2\/pages\/529","targetHints":{"allow":["GET"]}}],"collection":[{"href":"https:\/\/nachhaltigkeitskompass-niedersachsen.de\/index.php?rest_route=\/wp\/v2\/pages"}],"about":[{"href":"https:\/\/nachhaltigkeitskompass-niedersachsen.de\/index.php?rest_route=\/wp\/v2\/types\/page"}],"author":[{"embeddable":true,"href":"https:\/\/nachhaltigkeitskompass-niedersachsen.de\/index.php?rest_route=\/wp\/v2\/users\/4"}],"replies":[{"embeddable":true,"href":"https:\/\/nachhaltigkeitskompass-niedersachsen.de\/index.php?rest_route=%2Fwp%2Fv2%2Fcomments&post=529"}],"version-history":[{"count":1,"href":"https:\/\/nachhaltigkeitskompass-niedersachsen.de\/index.php?rest_route=\/wp\/v2\/pages\/529\/revisions"}],"predecessor-version":[{"id":530,"href":"https:\/\/nachhaltigkeitskompass-niedersachsen.de\/index.php?rest_route=\/wp\/v2\/pages\/529\/revisions\/530"}],"wp:attachment":[{"href":"https:\/\/nachhaltigkeitskompass-niedersachsen.de\/index.php?rest_route=%2Fwp%2Fv2%2Fmedia&parent=529"}],"curies":[{"name":"wp","href":"https:\/\/api.w.org\/{rel}","templated":true}]}}