{"id":216,"date":"2024-11-07T02:47:23","date_gmt":"2024-11-07T02:47:23","guid":{"rendered":"https:\/\/nachhaltigkeitskompass-niedersachsen.de\/?page_id=216"},"modified":"2024-11-13T15:43:22","modified_gmt":"2024-11-13T15:43:22","slug":"foerderprojekt-17-staedte-17-loesungen","status":"publish","type":"page","link":"https:\/\/nachhaltigkeitskompass-niedersachsen.de\/?page_id=216","title":{"rendered":"F\u00f6rderprojekt &#8222;17 St\u00e4dte, 17 L\u00f6sungen&#8220;"},"content":{"rendered":"\n<p>Das Projekt \u201e17 St\u00e4dte, 17 L\u00f6sungen\u201c ist eine Initiative des aboutcities Netzwerks, das aus 19 nieders\u00e4chsischen St\u00e4dten, Bremerhaven und der TourismusMarketing Niedersachsen GmbH besteht. Ziel des Projekts ist es, den st\u00e4dtischen Tourismus in Niedersachsen nachhaltig weiterzuentwickeln und als Modell f\u00fcr umweltfreundliche und sozial verantwortliche Tourismusstrategien zu dienen. Dabei sollen ma\u00dfgeschneiderte L\u00f6sungen f\u00fcr die beteiligten St\u00e4dte entwickelt werden, die auf lokale Gegebenheiten eingehen und gleichzeitig im Sinne des Klimaschutzes und der Nachhaltigkeit wirken.<\/p>\n\n\n\n<h3 class=\"wp-block-heading\">Hintergrund und Motivation<\/h3>\n\n\n\n<p>Die aboutcities St\u00e4dte stehen, wie viele urbane R\u00e4ume weltweit, vor einer Reihe von Herausforderungen: Klimawandel, Ressourcenknappheit und das ver\u00e4nderte Reiseverhalten der Menschen stellen den Tourismus vor neue Anforderungen. Laut dem Kompetenzzentrum Tourismus des Bundes geh\u00f6rt Nachhaltigkeit zu den drei wichtigsten Trends des laufenden Jahrzehnts.<\/p>\n\n\n\n<p>In diesem Zusammenhang hat auch die TourismusMarketing Niedersachsenmit ihrem Klimaprojekt wichtige Impulse gesetzt, um die nachhaltige Tourismusentwicklung voranzutreiben. Das Projekt \u201e17 St\u00e4dte, 17 L\u00f6sungen\u201c kn\u00fcpft genau an diese Impulse an und will dazu beitragen, die St\u00e4dte in Niedersachsen als Vorreiter f\u00fcr nachhaltigen Tourismus zu etablieren.\u201d<\/p>\n\n\n\n<p>Die Bedeutung nachhaltigen Handelns wird besonders im St\u00e4dtetourismus sichtbar. St\u00e4dte sind nicht nur Zentren des kulturellen und gesellschaftlichen Lebens, sondern auch entscheidende Akteure in der Bew\u00e4ltigung globaler Umweltprobleme. Der Tourismus spielt dabei eine zentrale Rolle. Das Projekt \u201e17 St\u00e4dte, 17 L\u00f6sungen\u201c soll diesen Wandel in den beteiligten St\u00e4dten aktiv gestalten und nachhaltige Konzepte f\u00fcr den Tourismus entwickeln.<\/p>\n\n\n\n<h3 class=\"wp-block-heading\">Zielsetzung des Projekts<\/h3>\n\n\n\n<p>Das \u00fcbergeordnete Ziel des Projekts ist die F\u00f6rderung einer nachhaltigen Tourismusentwicklung in den aboutcities St\u00e4dten. Dabei sollen L\u00f6sungen erarbeitet werden, die den Tourismus langfristig stabilisieren und gleichzeitig \u00f6kologisch, sozial und wirtschaftlich nachhaltig ausrichten. Erreicht wird dies durch kollaborative L\u00f6sungsans\u00e4tze. Das bedeutet, dass die St\u00e4dte nicht nur f\u00fcr sich selbst nachhaltige Strategien entwickeln, sondern gemeinsam an innovativen L\u00f6sungen arbeiten. Dieser kooperative Ansatz st\u00e4rkt nicht nur das Netzwerk, sondern erm\u00f6glicht auch einen breiteren Wissenstransfer innerhalb der beteiligten St\u00e4dte.<\/p>\n\n\n\n<p>Besonders wichtig ist dar\u00fcber hinaus der Open-Source-Gedanke. Das hei\u00dft, die entwickelten L\u00f6sungen d\u00fcrfen nicht nur in den aboutcities St\u00e4dten Anwendung finden. Die aboutcities machen alle Ergebnisse des Projekts \u00f6ffentlich zug\u00e4nglich, so dass auch andere St\u00e4dte und Regionen in Niedersachsen diese adaptieren und weiterentwickeln k\u00f6nnen.<\/p>\n\n\n\n<p>Dieser Transfergedanke stellt sicher, dass nachhaltige Ma\u00dfnahmen nicht nur punktuell wirken, sondern einen gr\u00f6\u00dferen Effekt haben und auch au\u00dferhalb unseres Netzwerks zu einer positiven Ver\u00e4nderung beitragen k\u00f6nnen. So wird das Projekt zu einem Impulsgeber f\u00fcr ganz Niedersachsen und dar\u00fcber hinaus.<\/p>\n\n\n\n<h3 class=\"wp-block-heading\">Phasen des Projekts<\/h3>\n\n\n\n<p>Das Projekt gliedert sich in mehrere aufeinanderfolgende Phasen, die sicherstellen, dass die entwickelten L\u00f6sungen fundiert und praxisnah sind:<\/p>\n\n\n\n<ol class=\"wp-block-list\">\n<li><strong>Vorstudie und Bestandsaufnahme<\/strong>: Zu Beginn des Projekts wurde Anfang des Jahres eine umfassende Bestandsaufnahme durchgef\u00fchrt, um den Status Quo in den beteiligten St\u00e4dten zu erfassen. Diese Vorstudie diente als Grundlage, um die relevanten Handlungsfelder zu definieren und gezielt in den Bereichen anzusetzen, in denen Verbesserungen notwendig sind.<\/li>\n\n\n\n<li><strong>Probleml\u00f6sungsphase<\/strong>: Auf Basis der Vorstudie wurden in der zweiten Phase konkrete L\u00f6sungsans\u00e4tze entwickelt. Dabei lag der Fokus auf dem Austausch zwischen den St\u00e4dten und der Zusammenarbeit in sogenannten Peer-Gruppen, die unterschiedliche Perspektiven und Ideen einbringen konnten. So wurden innovative Ans\u00e4tze verfeinert und auf die speziellen Bed\u00fcrfnisse der jeweiligen Stadt abgestimmt.<\/li>\n\n\n\n<li><strong>Adaption und Umsetzung<\/strong>: In dieser Phase erfolgt die praktische Umsetzung der erarbeiteten L\u00f6sungen. Die St\u00e4dte testen die Konzepte vor Ort und passen sie, basierend auf den ersten Erfahrungen und Ergebnissen, weiter an. Ziel ist es, L\u00f6sungen zu entwickeln, die langfristig wirken und positive Effekte in den Bereichen Umwelt, Soziales und Wirtschaft erzielen.<\/li>\n\n\n\n<li><strong>Projektabschluss und Dokumentation<\/strong>: Zum Abschluss des Projekts werden alle Ergebnisse und Erkenntnisse ausf\u00fchrlich dokumentiert. Dies umfasst die Erstellung von Leitf\u00e4den, Checklisten und Blaupausen, die als Vorlage f\u00fcr zuk\u00fcnftige Projekte dienen sollen. Diese Dokumentation wird Open-Source zur Verf\u00fcgung gestellt, um sicherzustellen, dass die entwickelten L\u00f6sungen auch \u00fcber das Netzwerk hinaus Anwendung finden k\u00f6nnen.<\/li>\n<\/ol>\n\n\n\n<h3 class=\"wp-block-heading\">Erste Erfolge und Herausforderungen<\/h3>\n\n\n\n<p>Nach intensiver Arbeit in den vergangenen Monaten k\u00f6nnen bereits erste Erfolge des Projekts pr\u00e4sentiert werden. In insgesamt 9 definierten<\/p>\n\n\n\n<p>Handlungsfeldern wurden bereits 31 Teilprojekte realisiert, die von Blaupausen und Innovationen bis hin zu sogenannten Quick-Wins reichen, also Ma\u00dfnahmen, die schnell sichtbare Verbesserungen bringen.<\/p>\n\n\n\n<p>Trotz dieser Erfolge gibt es jedoch auch Herausforderungen, denen sich die aboutcities St\u00e4dte stellen m\u00fcssen. Unterschiedliche Ausgangslagen und Bed\u00fcrfnisse der St\u00e4dte, Finanzierung und langfristige Umsetzung, Ressourcenkonflikte und Widerst\u00e4nde gegen Ver\u00e4nderungen (bspw. auf lokaler Ebene). Um diese Hindernisse zu \u00fcberwinden, setzt das Projekt auf Partizipation, Transparenz und eine langfristige Planung. Durch den intensiven Austausch und die Zusammenarbeit im Netzwerk sollen diese Herausforderungen gemeinsam gemeistert werden.<\/p>\n\n\n\n<h3 class=\"wp-block-heading\">Ausblick und n\u00e4chste Schritte<\/h3>\n\n\n\n<p>Das Projekt befindet sich aktuell in der entscheidenden Phase der Umsetzung. Die entwickelten L\u00f6sungen werden in m\u00f6glichst vielen St\u00e4dten angewendet und im Detail evaluiert. Ziel ist es, den Tourismus in Niedersachsen langfristig nachhaltig zu gestalten und die St\u00e4dte als Vorbilder f\u00fcr nachhaltigen St\u00e4dtetourismus zu etablieren. Gleichzeitig sollen weitere Impulse gesammelt werden, um die Arbeit im Bereich nachhaltiger Tourismus kontinuierlich weiterzuentwickeln.<\/p>\n\n\n\n<h3 class=\"wp-block-heading\"><strong>Fazit<\/strong><\/h3>\n\n\n\n<p>Das Projekt \u201e17 St\u00e4dte, 17 L\u00f6sungen\u201c zeigt bereits signifikante Ergebnisse und bietet das Potenzial, den urbanen Tourismus in Niedersachsen nachhaltig zu voranzubringen. Die entwickelten L\u00f6sungsans\u00e4tze sind nicht nur \u00f6kologisch und sozial sinnvoll, sondern tragen auch zur wirtschaftlichen St\u00e4rkung der St\u00e4dte bei. Durch die Open-Source-Strategie k\u00f6nnen die L\u00f6sungen auch \u00fcber das Netzwerk hinaus positive Effekte erzielen und anderen St\u00e4dten als Vorbild dienen. In den kommenden Wochen werden die St\u00e4dte weiter an der Umsetzung arbeiten, um den Tourismus in Niedersachsen zukunftsf\u00e4hig zu gestalten.<\/p>\n\n\n\n<p>Ansprechpartnerin:<\/p>\n\n\n\n<p><strong>Marketingverbund aboutcities<br><\/strong><strong>Vanessa Wilke<br><\/strong>Tel.: +49 (0) 174 21 22 568<br>E-Mail:&nbsp;<a href=\"mailto:vanessa@aboutcities.de\">vanessa@aboutcities.de<\/a><\/p>\n","protected":false},"excerpt":{"rendered":"<p>Das Projekt \u201e17 St\u00e4dte, 17 L\u00f6sungen\u201c ist eine Initiative des aboutcities Netzwerks, das aus 19 nieders\u00e4chsischen St\u00e4dten, Bremerhaven und der TourismusMarketing Niedersachsen GmbH besteht. Ziel des Projekts ist es, den st\u00e4dtischen Tourismus in Niedersachsen nachhaltig weiterzuentwickeln und als Modell f\u00fcr umweltfreundliche und sozial verantwortliche Tourismusstrategien zu dienen. Dabei sollen ma\u00dfgeschneiderte L\u00f6sungen f\u00fcr die beteiligten St\u00e4dte [&hellip;]<\/p>\n","protected":false},"author":4,"featured_media":381,"parent":0,"menu_order":0,"comment_status":"closed","ping_status":"closed","template":"","meta":{"footnotes":""},"class_list":["post-216","page","type-page","status-publish","has-post-thumbnail","hentry"],"yoast_head":"<!-- This site is optimized with the Yoast SEO plugin v27.3 - https:\/\/yoast.com\/product\/yoast-seo-wordpress\/ -->\n<title>F\u00f6rderprojekt &quot;17 St\u00e4dte, 17 L\u00f6sungen&quot; - Nachhaltigskeitskompass Niedersachsen<\/title>\n<meta name=\"robots\" content=\"index, follow, max-snippet:-1, max-image-preview:large, max-video-preview:-1\" \/>\n<link rel=\"canonical\" href=\"https:\/\/nachhaltigkeitskompass-niedersachsen.de\/?page_id=216\" \/>\n<meta property=\"og:locale\" content=\"de_DE\" \/>\n<meta property=\"og:type\" content=\"article\" \/>\n<meta property=\"og:title\" content=\"F\u00f6rderprojekt &quot;17 St\u00e4dte, 17 L\u00f6sungen&quot; - Nachhaltigskeitskompass Niedersachsen\" \/>\n<meta property=\"og:description\" content=\"Das Projekt \u201e17 St\u00e4dte, 17 L\u00f6sungen\u201c ist eine Initiative des aboutcities Netzwerks, das aus 19 nieders\u00e4chsischen St\u00e4dten, Bremerhaven und der TourismusMarketing Niedersachsen GmbH besteht. Ziel des Projekts ist es, den st\u00e4dtischen Tourismus in Niedersachsen nachhaltig weiterzuentwickeln und als Modell f\u00fcr umweltfreundliche und sozial verantwortliche Tourismusstrategien zu dienen. Dabei sollen ma\u00dfgeschneiderte L\u00f6sungen f\u00fcr die beteiligten St\u00e4dte [&hellip;]\" \/>\n<meta property=\"og:url\" content=\"https:\/\/nachhaltigkeitskompass-niedersachsen.de\/?page_id=216\" \/>\n<meta property=\"og:site_name\" content=\"Nachhaltigskeitskompass Niedersachsen\" \/>\n<meta property=\"article:modified_time\" content=\"2024-11-13T15:43:22+00:00\" \/>\n<meta property=\"og:image\" content=\"https:\/\/nachhaltigkeitskompass-niedersachsen.de\/wp-content\/uploads\/2024\/11\/Handlungsfelder-2.png\" \/>\n\t<meta property=\"og:image:width\" content=\"2000\" \/>\n\t<meta property=\"og:image:height\" content=\"600\" \/>\n\t<meta property=\"og:image:type\" content=\"image\/png\" \/>\n<meta name=\"twitter:card\" content=\"summary_large_image\" \/>\n<meta name=\"twitter:label1\" content=\"Gesch\u00e4tzte Lesezeit\" \/>\n\t<meta name=\"twitter:data1\" content=\"6\u00a0Minuten\" \/>\n<script type=\"application\/ld+json\" class=\"yoast-schema-graph\">{\"@context\":\"https:\\\/\\\/schema.org\",\"@graph\":[{\"@type\":\"WebPage\",\"@id\":\"https:\\\/\\\/nachhaltigkeitskompass-niedersachsen.de\\\/?page_id=216\",\"url\":\"https:\\\/\\\/nachhaltigkeitskompass-niedersachsen.de\\\/?page_id=216\",\"name\":\"F\u00f6rderprojekt \\\"17 St\u00e4dte, 17 L\u00f6sungen\\\" - Nachhaltigskeitskompass Niedersachsen\",\"isPartOf\":{\"@id\":\"https:\\\/\\\/nachhaltigkeitskompass-niedersachsen.de\\\/#website\"},\"primaryImageOfPage\":{\"@id\":\"https:\\\/\\\/nachhaltigkeitskompass-niedersachsen.de\\\/?page_id=216#primaryimage\"},\"image\":{\"@id\":\"https:\\\/\\\/nachhaltigkeitskompass-niedersachsen.de\\\/?page_id=216#primaryimage\"},\"thumbnailUrl\":\"https:\\\/\\\/nachhaltigkeitskompass-niedersachsen.de\\\/wp-content\\\/uploads\\\/2024\\\/11\\\/Handlungsfelder-2.png\",\"datePublished\":\"2024-11-07T02:47:23+00:00\",\"dateModified\":\"2024-11-13T15:43:22+00:00\",\"breadcrumb\":{\"@id\":\"https:\\\/\\\/nachhaltigkeitskompass-niedersachsen.de\\\/?page_id=216#breadcrumb\"},\"inLanguage\":\"de\",\"potentialAction\":[{\"@type\":\"ReadAction\",\"target\":[\"https:\\\/\\\/nachhaltigkeitskompass-niedersachsen.de\\\/?page_id=216\"]}]},{\"@type\":\"ImageObject\",\"inLanguage\":\"de\",\"@id\":\"https:\\\/\\\/nachhaltigkeitskompass-niedersachsen.de\\\/?page_id=216#primaryimage\",\"url\":\"https:\\\/\\\/nachhaltigkeitskompass-niedersachsen.de\\\/wp-content\\\/uploads\\\/2024\\\/11\\\/Handlungsfelder-2.png\",\"contentUrl\":\"https:\\\/\\\/nachhaltigkeitskompass-niedersachsen.de\\\/wp-content\\\/uploads\\\/2024\\\/11\\\/Handlungsfelder-2.png\",\"width\":2000,\"height\":600},{\"@type\":\"BreadcrumbList\",\"@id\":\"https:\\\/\\\/nachhaltigkeitskompass-niedersachsen.de\\\/?page_id=216#breadcrumb\",\"itemListElement\":[{\"@type\":\"ListItem\",\"position\":1,\"name\":\"Startseite\",\"item\":\"https:\\\/\\\/nachhaltigkeitskompass-niedersachsen.de\\\/\"},{\"@type\":\"ListItem\",\"position\":2,\"name\":\"F\u00f6rderprojekt &#8222;17 St\u00e4dte, 17 L\u00f6sungen&#8220;\"}]},{\"@type\":\"WebSite\",\"@id\":\"https:\\\/\\\/nachhaltigkeitskompass-niedersachsen.de\\\/#website\",\"url\":\"https:\\\/\\\/nachhaltigkeitskompass-niedersachsen.de\\\/\",\"name\":\"Nachhaltigskeitskompass Niedersachsen\",\"description\":\"\",\"publisher\":{\"@id\":\"https:\\\/\\\/nachhaltigkeitskompass-niedersachsen.de\\\/#organization\"},\"potentialAction\":[{\"@type\":\"SearchAction\",\"target\":{\"@type\":\"EntryPoint\",\"urlTemplate\":\"https:\\\/\\\/nachhaltigkeitskompass-niedersachsen.de\\\/?s={search_term_string}\"},\"query-input\":{\"@type\":\"PropertyValueSpecification\",\"valueRequired\":true,\"valueName\":\"search_term_string\"}}],\"inLanguage\":\"de\"},{\"@type\":\"Organization\",\"@id\":\"https:\\\/\\\/nachhaltigkeitskompass-niedersachsen.de\\\/#organization\",\"name\":\"Nachhaltigskeitskompass Niedersachsen\",\"url\":\"https:\\\/\\\/nachhaltigkeitskompass-niedersachsen.de\\\/\",\"logo\":{\"@type\":\"ImageObject\",\"inLanguage\":\"de\",\"@id\":\"https:\\\/\\\/nachhaltigkeitskompass-niedersachsen.de\\\/#\\\/schema\\\/logo\\\/image\\\/\",\"url\":\"https:\\\/\\\/nachhaltigkeitskompass-niedersachsen.de\\\/wp-content\\\/uploads\\\/2024\\\/04\\\/logo-about-cities-transparent-frei-schrift-weiss-1.webp\",\"contentUrl\":\"https:\\\/\\\/nachhaltigkeitskompass-niedersachsen.de\\\/wp-content\\\/uploads\\\/2024\\\/04\\\/logo-about-cities-transparent-frei-schrift-weiss-1.webp\",\"width\":300,\"height\":283,\"caption\":\"Nachhaltigskeitskompass Niedersachsen\"},\"image\":{\"@id\":\"https:\\\/\\\/nachhaltigkeitskompass-niedersachsen.de\\\/#\\\/schema\\\/logo\\\/image\\\/\"}}]}<\/script>\n<!-- \/ Yoast SEO plugin. -->","yoast_head_json":{"title":"F\u00f6rderprojekt \"17 St\u00e4dte, 17 L\u00f6sungen\" - Nachhaltigskeitskompass Niedersachsen","robots":{"index":"index","follow":"follow","max-snippet":"max-snippet:-1","max-image-preview":"max-image-preview:large","max-video-preview":"max-video-preview:-1"},"canonical":"https:\/\/nachhaltigkeitskompass-niedersachsen.de\/?page_id=216","og_locale":"de_DE","og_type":"article","og_title":"F\u00f6rderprojekt \"17 St\u00e4dte, 17 L\u00f6sungen\" - Nachhaltigskeitskompass Niedersachsen","og_description":"Das Projekt \u201e17 St\u00e4dte, 17 L\u00f6sungen\u201c ist eine Initiative des aboutcities Netzwerks, das aus 19 nieders\u00e4chsischen St\u00e4dten, Bremerhaven und der TourismusMarketing Niedersachsen GmbH besteht. Ziel des Projekts ist es, den st\u00e4dtischen Tourismus in Niedersachsen nachhaltig weiterzuentwickeln und als Modell f\u00fcr umweltfreundliche und sozial verantwortliche Tourismusstrategien zu dienen. Dabei sollen ma\u00dfgeschneiderte L\u00f6sungen f\u00fcr die beteiligten St\u00e4dte [&hellip;]","og_url":"https:\/\/nachhaltigkeitskompass-niedersachsen.de\/?page_id=216","og_site_name":"Nachhaltigskeitskompass Niedersachsen","article_modified_time":"2024-11-13T15:43:22+00:00","og_image":[{"width":2000,"height":600,"url":"https:\/\/nachhaltigkeitskompass-niedersachsen.de\/wp-content\/uploads\/2024\/11\/Handlungsfelder-2.png","type":"image\/png"}],"twitter_card":"summary_large_image","twitter_misc":{"Gesch\u00e4tzte Lesezeit":"6\u00a0Minuten"},"schema":{"@context":"https:\/\/schema.org","@graph":[{"@type":"WebPage","@id":"https:\/\/nachhaltigkeitskompass-niedersachsen.de\/?page_id=216","url":"https:\/\/nachhaltigkeitskompass-niedersachsen.de\/?page_id=216","name":"F\u00f6rderprojekt \"17 St\u00e4dte, 17 L\u00f6sungen\" - Nachhaltigskeitskompass Niedersachsen","isPartOf":{"@id":"https:\/\/nachhaltigkeitskompass-niedersachsen.de\/#website"},"primaryImageOfPage":{"@id":"https:\/\/nachhaltigkeitskompass-niedersachsen.de\/?page_id=216#primaryimage"},"image":{"@id":"https:\/\/nachhaltigkeitskompass-niedersachsen.de\/?page_id=216#primaryimage"},"thumbnailUrl":"https:\/\/nachhaltigkeitskompass-niedersachsen.de\/wp-content\/uploads\/2024\/11\/Handlungsfelder-2.png","datePublished":"2024-11-07T02:47:23+00:00","dateModified":"2024-11-13T15:43:22+00:00","breadcrumb":{"@id":"https:\/\/nachhaltigkeitskompass-niedersachsen.de\/?page_id=216#breadcrumb"},"inLanguage":"de","potentialAction":[{"@type":"ReadAction","target":["https:\/\/nachhaltigkeitskompass-niedersachsen.de\/?page_id=216"]}]},{"@type":"ImageObject","inLanguage":"de","@id":"https:\/\/nachhaltigkeitskompass-niedersachsen.de\/?page_id=216#primaryimage","url":"https:\/\/nachhaltigkeitskompass-niedersachsen.de\/wp-content\/uploads\/2024\/11\/Handlungsfelder-2.png","contentUrl":"https:\/\/nachhaltigkeitskompass-niedersachsen.de\/wp-content\/uploads\/2024\/11\/Handlungsfelder-2.png","width":2000,"height":600},{"@type":"BreadcrumbList","@id":"https:\/\/nachhaltigkeitskompass-niedersachsen.de\/?page_id=216#breadcrumb","itemListElement":[{"@type":"ListItem","position":1,"name":"Startseite","item":"https:\/\/nachhaltigkeitskompass-niedersachsen.de\/"},{"@type":"ListItem","position":2,"name":"F\u00f6rderprojekt &#8222;17 St\u00e4dte, 17 L\u00f6sungen&#8220;"}]},{"@type":"WebSite","@id":"https:\/\/nachhaltigkeitskompass-niedersachsen.de\/#website","url":"https:\/\/nachhaltigkeitskompass-niedersachsen.de\/","name":"Nachhaltigskeitskompass Niedersachsen","description":"","publisher":{"@id":"https:\/\/nachhaltigkeitskompass-niedersachsen.de\/#organization"},"potentialAction":[{"@type":"SearchAction","target":{"@type":"EntryPoint","urlTemplate":"https:\/\/nachhaltigkeitskompass-niedersachsen.de\/?s={search_term_string}"},"query-input":{"@type":"PropertyValueSpecification","valueRequired":true,"valueName":"search_term_string"}}],"inLanguage":"de"},{"@type":"Organization","@id":"https:\/\/nachhaltigkeitskompass-niedersachsen.de\/#organization","name":"Nachhaltigskeitskompass Niedersachsen","url":"https:\/\/nachhaltigkeitskompass-niedersachsen.de\/","logo":{"@type":"ImageObject","inLanguage":"de","@id":"https:\/\/nachhaltigkeitskompass-niedersachsen.de\/#\/schema\/logo\/image\/","url":"https:\/\/nachhaltigkeitskompass-niedersachsen.de\/wp-content\/uploads\/2024\/04\/logo-about-cities-transparent-frei-schrift-weiss-1.webp","contentUrl":"https:\/\/nachhaltigkeitskompass-niedersachsen.de\/wp-content\/uploads\/2024\/04\/logo-about-cities-transparent-frei-schrift-weiss-1.webp","width":300,"height":283,"caption":"Nachhaltigskeitskompass Niedersachsen"},"image":{"@id":"https:\/\/nachhaltigkeitskompass-niedersachsen.de\/#\/schema\/logo\/image\/"}}]}},"_links":{"self":[{"href":"https:\/\/nachhaltigkeitskompass-niedersachsen.de\/index.php?rest_route=\/wp\/v2\/pages\/216","targetHints":{"allow":["GET"]}}],"collection":[{"href":"https:\/\/nachhaltigkeitskompass-niedersachsen.de\/index.php?rest_route=\/wp\/v2\/pages"}],"about":[{"href":"https:\/\/nachhaltigkeitskompass-niedersachsen.de\/index.php?rest_route=\/wp\/v2\/types\/page"}],"author":[{"embeddable":true,"href":"https:\/\/nachhaltigkeitskompass-niedersachsen.de\/index.php?rest_route=\/wp\/v2\/users\/4"}],"replies":[{"embeddable":true,"href":"https:\/\/nachhaltigkeitskompass-niedersachsen.de\/index.php?rest_route=%2Fwp%2Fv2%2Fcomments&post=216"}],"version-history":[{"count":1,"href":"https:\/\/nachhaltigkeitskompass-niedersachsen.de\/index.php?rest_route=\/wp\/v2\/pages\/216\/revisions"}],"predecessor-version":[{"id":217,"href":"https:\/\/nachhaltigkeitskompass-niedersachsen.de\/index.php?rest_route=\/wp\/v2\/pages\/216\/revisions\/217"}],"wp:featuredmedia":[{"embeddable":true,"href":"https:\/\/nachhaltigkeitskompass-niedersachsen.de\/index.php?rest_route=\/wp\/v2\/media\/381"}],"wp:attachment":[{"href":"https:\/\/nachhaltigkeitskompass-niedersachsen.de\/index.php?rest_route=%2Fwp%2Fv2%2Fmedia&parent=216"}],"curies":[{"name":"wp","href":"https:\/\/api.w.org\/{rel}","templated":true}]}}