{"id":188,"date":"2024-11-07T01:26:16","date_gmt":"2024-11-07T01:26:16","guid":{"rendered":"https:\/\/nachhaltigkeitskompass-niedersachsen.de\/?page_id=188"},"modified":"2024-11-19T09:13:22","modified_gmt":"2024-11-19T09:13:22","slug":"mobilitaet-vor-ort","status":"publish","type":"page","link":"https:\/\/nachhaltigkeitskompass-niedersachsen.de\/?page_id=188","title":{"rendered":"Mobilit\u00e4t vor Ort"},"content":{"rendered":"\n<p>Konzentriert sich auf die Fortbewegung innerhalb eines bestimmten Gebiets oder einer Stadt. Dies beinhaltet die Nutzung von lokalem \u00f6ffentlichen Verkehr, Fahrr\u00e4dern, Fu\u00dfwegen und anderen Mitteln zur Erleichterung des t\u00e4glichen Verkehrs.<\/p>\n\n\n\n<h2 class=\"wp-block-heading\">Aktuelle Beitr\u00e4ge zu Mobilit\u00e4t vor Ort<\/h2>\n\n\n<ul class=\"wp-block-latest-posts__list wp-block-latest-posts\"><li><a class=\"wp-block-latest-posts__post-title\" href=\"https:\/\/nachhaltigkeitskompass-niedersachsen.de\/?p=366\">Quick Wins f\u00fcr Mobilit\u00e4t<\/a><\/li>\n<\/ul>","protected":false},"excerpt":{"rendered":"<p>Konzentriert sich auf die Fortbewegung innerhalb eines bestimmten Gebiets oder einer Stadt. Dies beinhaltet die Nutzung von lokalem \u00f6ffentlichen Verkehr, Fahrr\u00e4dern, Fu\u00dfwegen und anderen Mitteln zur Erleichterung des t\u00e4glichen Verkehrs. Aktuelle Beitr\u00e4ge zu Mobilit\u00e4t vor Ort<\/p>\n","protected":false},"author":4,"featured_media":0,"parent":33,"menu_order":0,"comment_status":"closed","ping_status":"closed","template":"","meta":{"footnotes":""},"class_list":["post-188","page","type-page","status-publish","hentry"],"yoast_head":"<!-- This site is optimized with the Yoast SEO plugin v27.4 - https:\/\/yoast.com\/product\/yoast-seo-wordpress\/ -->\n<title>Mobilit\u00e4t vor Ort - Nachhaltigskeitskompass Niedersachsen<\/title>\n<meta name=\"robots\" content=\"index, follow, max-snippet:-1, max-image-preview:large, max-video-preview:-1\" \/>\n<link rel=\"canonical\" href=\"https:\/\/nachhaltigkeitskompass-niedersachsen.de\/?page_id=188\" \/>\n<meta property=\"og:locale\" content=\"de_DE\" \/>\n<meta property=\"og:type\" content=\"article\" \/>\n<meta property=\"og:title\" content=\"Mobilit\u00e4t vor Ort - Nachhaltigskeitskompass Niedersachsen\" \/>\n<meta property=\"og:description\" content=\"Konzentriert sich auf die Fortbewegung innerhalb eines bestimmten Gebiets oder einer Stadt. Dies beinhaltet die Nutzung von lokalem \u00f6ffentlichen Verkehr, Fahrr\u00e4dern, Fu\u00dfwegen und anderen Mitteln zur Erleichterung des t\u00e4glichen Verkehrs. Aktuelle Beitr\u00e4ge zu Mobilit\u00e4t vor Ort\" \/>\n<meta property=\"og:url\" content=\"https:\/\/nachhaltigkeitskompass-niedersachsen.de\/?page_id=188\" \/>\n<meta property=\"og:site_name\" content=\"Nachhaltigskeitskompass Niedersachsen\" \/>\n<meta property=\"article:modified_time\" content=\"2024-11-19T09:13:22+00:00\" \/>\n<meta name=\"twitter:card\" content=\"summary_large_image\" \/>\n<meta name=\"twitter:label1\" content=\"Gesch\u00e4tzte Lesezeit\" \/>\n\t<meta name=\"twitter:data1\" content=\"1\u00a0Minute\" \/>\n<script type=\"application\/ld+json\" class=\"yoast-schema-graph\">{\"@context\":\"https:\\\/\\\/schema.org\",\"@graph\":[{\"@type\":\"WebPage\",\"@id\":\"https:\\\/\\\/nachhaltigkeitskompass-niedersachsen.de\\\/?page_id=188\",\"url\":\"https:\\\/\\\/nachhaltigkeitskompass-niedersachsen.de\\\/?page_id=188\",\"name\":\"Mobilit\u00e4t vor Ort - Nachhaltigskeitskompass Niedersachsen\",\"isPartOf\":{\"@id\":\"https:\\\/\\\/nachhaltigkeitskompass-niedersachsen.de\\\/#website\"},\"datePublished\":\"2024-11-07T01:26:16+00:00\",\"dateModified\":\"2024-11-19T09:13:22+00:00\",\"breadcrumb\":{\"@id\":\"https:\\\/\\\/nachhaltigkeitskompass-niedersachsen.de\\\/?page_id=188#breadcrumb\"},\"inLanguage\":\"de\",\"potentialAction\":[{\"@type\":\"ReadAction\",\"target\":[\"https:\\\/\\\/nachhaltigkeitskompass-niedersachsen.de\\\/?page_id=188\"]}]},{\"@type\":\"BreadcrumbList\",\"@id\":\"https:\\\/\\\/nachhaltigkeitskompass-niedersachsen.de\\\/?page_id=188#breadcrumb\",\"itemListElement\":[{\"@type\":\"ListItem\",\"position\":1,\"name\":\"Startseite\",\"item\":\"https:\\\/\\\/nachhaltigkeitskompass-niedersachsen.de\\\/\"},{\"@type\":\"ListItem\",\"position\":2,\"name\":\"Mobilit\u00e4t\",\"item\":\"https:\\\/\\\/nachhaltigkeitskompass-niedersachsen.de\\\/?page_id=33\"},{\"@type\":\"ListItem\",\"position\":3,\"name\":\"Mobilit\u00e4t vor Ort\"}]},{\"@type\":\"WebSite\",\"@id\":\"https:\\\/\\\/nachhaltigkeitskompass-niedersachsen.de\\\/#website\",\"url\":\"https:\\\/\\\/nachhaltigkeitskompass-niedersachsen.de\\\/\",\"name\":\"Nachhaltigskeitskompass Niedersachsen\",\"description\":\"\",\"publisher\":{\"@id\":\"https:\\\/\\\/nachhaltigkeitskompass-niedersachsen.de\\\/#organization\"},\"potentialAction\":[{\"@type\":\"SearchAction\",\"target\":{\"@type\":\"EntryPoint\",\"urlTemplate\":\"https:\\\/\\\/nachhaltigkeitskompass-niedersachsen.de\\\/?s={search_term_string}\"},\"query-input\":{\"@type\":\"PropertyValueSpecification\",\"valueRequired\":true,\"valueName\":\"search_term_string\"}}],\"inLanguage\":\"de\"},{\"@type\":\"Organization\",\"@id\":\"https:\\\/\\\/nachhaltigkeitskompass-niedersachsen.de\\\/#organization\",\"name\":\"Nachhaltigskeitskompass Niedersachsen\",\"url\":\"https:\\\/\\\/nachhaltigkeitskompass-niedersachsen.de\\\/\",\"logo\":{\"@type\":\"ImageObject\",\"inLanguage\":\"de\",\"@id\":\"https:\\\/\\\/nachhaltigkeitskompass-niedersachsen.de\\\/#\\\/schema\\\/logo\\\/image\\\/\",\"url\":\"https:\\\/\\\/nachhaltigkeitskompass-niedersachsen.de\\\/wp-content\\\/uploads\\\/2024\\\/04\\\/logo-about-cities-transparent-frei-schrift-weiss-1.webp\",\"contentUrl\":\"https:\\\/\\\/nachhaltigkeitskompass-niedersachsen.de\\\/wp-content\\\/uploads\\\/2024\\\/04\\\/logo-about-cities-transparent-frei-schrift-weiss-1.webp\",\"width\":300,\"height\":283,\"caption\":\"Nachhaltigskeitskompass Niedersachsen\"},\"image\":{\"@id\":\"https:\\\/\\\/nachhaltigkeitskompass-niedersachsen.de\\\/#\\\/schema\\\/logo\\\/image\\\/\"}}]}<\/script>\n<!-- \/ Yoast SEO plugin. -->","yoast_head_json":{"title":"Mobilit\u00e4t vor Ort - Nachhaltigskeitskompass Niedersachsen","robots":{"index":"index","follow":"follow","max-snippet":"max-snippet:-1","max-image-preview":"max-image-preview:large","max-video-preview":"max-video-preview:-1"},"canonical":"https:\/\/nachhaltigkeitskompass-niedersachsen.de\/?page_id=188","og_locale":"de_DE","og_type":"article","og_title":"Mobilit\u00e4t vor Ort - Nachhaltigskeitskompass Niedersachsen","og_description":"Konzentriert sich auf die Fortbewegung innerhalb eines bestimmten Gebiets oder einer Stadt. Dies beinhaltet die Nutzung von lokalem \u00f6ffentlichen Verkehr, Fahrr\u00e4dern, Fu\u00dfwegen und anderen Mitteln zur Erleichterung des t\u00e4glichen Verkehrs. Aktuelle Beitr\u00e4ge zu Mobilit\u00e4t vor Ort","og_url":"https:\/\/nachhaltigkeitskompass-niedersachsen.de\/?page_id=188","og_site_name":"Nachhaltigskeitskompass Niedersachsen","article_modified_time":"2024-11-19T09:13:22+00:00","twitter_card":"summary_large_image","twitter_misc":{"Gesch\u00e4tzte Lesezeit":"1\u00a0Minute"},"schema":{"@context":"https:\/\/schema.org","@graph":[{"@type":"WebPage","@id":"https:\/\/nachhaltigkeitskompass-niedersachsen.de\/?page_id=188","url":"https:\/\/nachhaltigkeitskompass-niedersachsen.de\/?page_id=188","name":"Mobilit\u00e4t vor Ort - Nachhaltigskeitskompass Niedersachsen","isPartOf":{"@id":"https:\/\/nachhaltigkeitskompass-niedersachsen.de\/#website"},"datePublished":"2024-11-07T01:26:16+00:00","dateModified":"2024-11-19T09:13:22+00:00","breadcrumb":{"@id":"https:\/\/nachhaltigkeitskompass-niedersachsen.de\/?page_id=188#breadcrumb"},"inLanguage":"de","potentialAction":[{"@type":"ReadAction","target":["https:\/\/nachhaltigkeitskompass-niedersachsen.de\/?page_id=188"]}]},{"@type":"BreadcrumbList","@id":"https:\/\/nachhaltigkeitskompass-niedersachsen.de\/?page_id=188#breadcrumb","itemListElement":[{"@type":"ListItem","position":1,"name":"Startseite","item":"https:\/\/nachhaltigkeitskompass-niedersachsen.de\/"},{"@type":"ListItem","position":2,"name":"Mobilit\u00e4t","item":"https:\/\/nachhaltigkeitskompass-niedersachsen.de\/?page_id=33"},{"@type":"ListItem","position":3,"name":"Mobilit\u00e4t vor Ort"}]},{"@type":"WebSite","@id":"https:\/\/nachhaltigkeitskompass-niedersachsen.de\/#website","url":"https:\/\/nachhaltigkeitskompass-niedersachsen.de\/","name":"Nachhaltigskeitskompass Niedersachsen","description":"","publisher":{"@id":"https:\/\/nachhaltigkeitskompass-niedersachsen.de\/#organization"},"potentialAction":[{"@type":"SearchAction","target":{"@type":"EntryPoint","urlTemplate":"https:\/\/nachhaltigkeitskompass-niedersachsen.de\/?s={search_term_string}"},"query-input":{"@type":"PropertyValueSpecification","valueRequired":true,"valueName":"search_term_string"}}],"inLanguage":"de"},{"@type":"Organization","@id":"https:\/\/nachhaltigkeitskompass-niedersachsen.de\/#organization","name":"Nachhaltigskeitskompass Niedersachsen","url":"https:\/\/nachhaltigkeitskompass-niedersachsen.de\/","logo":{"@type":"ImageObject","inLanguage":"de","@id":"https:\/\/nachhaltigkeitskompass-niedersachsen.de\/#\/schema\/logo\/image\/","url":"https:\/\/nachhaltigkeitskompass-niedersachsen.de\/wp-content\/uploads\/2024\/04\/logo-about-cities-transparent-frei-schrift-weiss-1.webp","contentUrl":"https:\/\/nachhaltigkeitskompass-niedersachsen.de\/wp-content\/uploads\/2024\/04\/logo-about-cities-transparent-frei-schrift-weiss-1.webp","width":300,"height":283,"caption":"Nachhaltigskeitskompass Niedersachsen"},"image":{"@id":"https:\/\/nachhaltigkeitskompass-niedersachsen.de\/#\/schema\/logo\/image\/"}}]}},"_links":{"self":[{"href":"https:\/\/nachhaltigkeitskompass-niedersachsen.de\/index.php?rest_route=\/wp\/v2\/pages\/188","targetHints":{"allow":["GET"]}}],"collection":[{"href":"https:\/\/nachhaltigkeitskompass-niedersachsen.de\/index.php?rest_route=\/wp\/v2\/pages"}],"about":[{"href":"https:\/\/nachhaltigkeitskompass-niedersachsen.de\/index.php?rest_route=\/wp\/v2\/types\/page"}],"author":[{"embeddable":true,"href":"https:\/\/nachhaltigkeitskompass-niedersachsen.de\/index.php?rest_route=\/wp\/v2\/users\/4"}],"replies":[{"embeddable":true,"href":"https:\/\/nachhaltigkeitskompass-niedersachsen.de\/index.php?rest_route=%2Fwp%2Fv2%2Fcomments&post=188"}],"version-history":[{"count":2,"href":"https:\/\/nachhaltigkeitskompass-niedersachsen.de\/index.php?rest_route=\/wp\/v2\/pages\/188\/revisions"}],"predecessor-version":[{"id":655,"href":"https:\/\/nachhaltigkeitskompass-niedersachsen.de\/index.php?rest_route=\/wp\/v2\/pages\/188\/revisions\/655"}],"up":[{"embeddable":true,"href":"https:\/\/nachhaltigkeitskompass-niedersachsen.de\/index.php?rest_route=\/wp\/v2\/pages\/33"}],"wp:attachment":[{"href":"https:\/\/nachhaltigkeitskompass-niedersachsen.de\/index.php?rest_route=%2Fwp%2Fv2%2Fmedia&parent=188"}],"curies":[{"name":"wp","href":"https:\/\/api.w.org\/{rel}","templated":true}]}}