{"id":13,"date":"2024-04-08T08:27:56","date_gmt":"2024-04-08T08:27:56","guid":{"rendered":"https:\/\/nachhaltigkeitskompass-niedersachsen.de\/?page_id=13"},"modified":"2024-11-19T08:24:50","modified_gmt":"2024-11-19T08:24:50","slug":"kooperation","status":"publish","type":"page","link":"https:\/\/nachhaltigkeitskompass-niedersachsen.de\/?page_id=13","title":{"rendered":"Kooperation"},"content":{"rendered":"\n<p>Im Nachhaltigkeitskontext zielt das Handlungsfeld <strong>Kooperation<\/strong> darauf ab, durch Zusammenarbeit zwischen verschiedenen Akteuren \u2013 Unternehmen, Regierungen, NGOs und anderen Organisationen \u2013 gemeinsame nachhaltige Ziele zu erreichen. Kooperationen sind entscheidend, um Ressourcen, Wissen und F\u00e4higkeiten zu b\u00fcndeln und komplexe Herausforderungen wie Klimawandel, soziale Ungleichheit und Ressourcenschonung wirksam anzugehen.<\/p>\n\n\n\n<p><strong>Kooperation<\/strong> erm\u00f6glicht es, innovative L\u00f6sungen zu entwickeln, Skaleneffekte zu nutzen und positive Auswirkungen auf Umwelt und Gesellschaft zu maximieren. Beispiele sind Partnerschaften zur F\u00f6rderung erneuerbarer Energien, fairer Arbeitsbedingungen oder der Kreislaufwirtschaft.<\/p>\n\n\n\n<p>Durch enge Zusammenarbeit lassen sich systemische Ver\u00e4nderungen schneller und umfassender umsetzen, da Akteure gemeinsam an nachhaltigen Entwicklungszielen arbeiten und voneinander lernen k\u00f6nnen.<\/p>\n\n\n\n<h4 class=\"wp-block-heading\">Partizipation<\/h4>\n\n\n\n<p>Unter dieser Kategorie fallen alle Aspekte, die die aktive Einbindung und Beteiligung der relevanten Stakeholder in Entscheidungsprozesse, Planungen und Durchf\u00fchrungen von Projekten oder Ma\u00dfnahmen betreffen. Partizipation st\u00e4rkt das Engagement, erh\u00f6ht die Akzeptanz von Entscheidungen und verbessert die Qualit\u00e4t und Nachhaltigkeit der Ergebnisse, indem sie die Perspektiven und das Wissen aller Beteiligten einbezieht.<\/p>\n\n\n\n<p><\/p>\n\n\n\n<h4 class=\"wp-block-heading\">Netzwerke<\/h4>\n\n\n\n<p>Diese Kategorie bezieht sich auf die Schaffung und Erhaltung von Beziehungen zwischen verschiedenen Akteuren, wie Individuen, Organisationen, Unternehmen oder Institutionen. Netzwerke erm\u00f6glichen den Austausch von Wissen, Ressourcen und Unterst\u00fctzung. Sie k\u00f6nnen formell oder informell sein und dienen als Plattform f\u00fcr Zusammenarbeit, Informationsaustausch und gegenseitige F\u00f6rderung. Die effektive Nutzung von Netzwerken kann Synergien schaffen und die Erreichung gemeinsamer Ziele erleichtern.<\/p>\n\n\n\n<h2 class=\"wp-block-heading\">Aktuelle Beitr\u00e4ge zu Kooperation<\/h2>\n\n\n<ul class=\"wp-block-latest-posts__list wp-block-latest-posts\"><li><a class=\"wp-block-latest-posts__post-title\" href=\"https:\/\/nachhaltigkeitskompass-niedersachsen.de\/?p=492\">K\u00fcnstliche Intelligenz als Unterst\u00fctzung zur gezielten Akteursidentifikation<\/a><\/li>\n<li><a class=\"wp-block-latest-posts__post-title\" href=\"https:\/\/nachhaltigkeitskompass-niedersachsen.de\/?p=490\">Stakeholdermap<\/a><\/li>\n<li><a class=\"wp-block-latest-posts__post-title\" href=\"https:\/\/nachhaltigkeitskompass-niedersachsen.de\/?p=484\">Kooperation<\/a><\/li>\n<\/ul>","protected":false},"excerpt":{"rendered":"<p>Im Nachhaltigkeitskontext zielt das Handlungsfeld Kooperation darauf ab, durch Zusammenarbeit zwischen verschiedenen Akteuren \u2013 Unternehmen, Regierungen, NGOs und anderen Organisationen \u2013 gemeinsame nachhaltige Ziele zu erreichen. Kooperationen sind entscheidend, um Ressourcen, Wissen und F\u00e4higkeiten zu b\u00fcndeln und komplexe Herausforderungen wie Klimawandel, soziale Ungleichheit und Ressourcenschonung wirksam anzugehen. Kooperation erm\u00f6glicht es, innovative L\u00f6sungen zu entwickeln, Skaleneffekte [&hellip;]<\/p>\n","protected":false},"author":1,"featured_media":329,"parent":0,"menu_order":2,"comment_status":"closed","ping_status":"closed","template":"","meta":{"footnotes":""},"class_list":["post-13","page","type-page","status-publish","has-post-thumbnail","hentry"],"yoast_head":"<!-- This site is optimized with the Yoast SEO plugin v27.4 - https:\/\/yoast.com\/product\/yoast-seo-wordpress\/ -->\n<title>Kooperation - Nachhaltigskeitskompass Niedersachsen<\/title>\n<meta name=\"robots\" content=\"index, follow, max-snippet:-1, max-image-preview:large, max-video-preview:-1\" \/>\n<link rel=\"canonical\" href=\"https:\/\/nachhaltigkeitskompass-niedersachsen.de\/?page_id=13\" \/>\n<meta property=\"og:locale\" content=\"de_DE\" \/>\n<meta property=\"og:type\" content=\"article\" \/>\n<meta property=\"og:title\" content=\"Kooperation - Nachhaltigskeitskompass Niedersachsen\" \/>\n<meta property=\"og:description\" content=\"Im Nachhaltigkeitskontext zielt das Handlungsfeld Kooperation darauf ab, durch Zusammenarbeit zwischen verschiedenen Akteuren \u2013 Unternehmen, Regierungen, NGOs und anderen Organisationen \u2013 gemeinsame nachhaltige Ziele zu erreichen. Kooperationen sind entscheidend, um Ressourcen, Wissen und F\u00e4higkeiten zu b\u00fcndeln und komplexe Herausforderungen wie Klimawandel, soziale Ungleichheit und Ressourcenschonung wirksam anzugehen. Kooperation erm\u00f6glicht es, innovative L\u00f6sungen zu entwickeln, Skaleneffekte [&hellip;]\" \/>\n<meta property=\"og:url\" content=\"https:\/\/nachhaltigkeitskompass-niedersachsen.de\/?page_id=13\" \/>\n<meta property=\"og:site_name\" content=\"Nachhaltigskeitskompass Niedersachsen\" \/>\n<meta property=\"article:modified_time\" content=\"2024-11-19T08:24:50+00:00\" \/>\n<meta property=\"og:image\" content=\"https:\/\/nachhaltigkeitskompass-niedersachsen.de\/wp-content\/uploads\/2024\/11\/Kooperation.jpg\" \/>\n\t<meta property=\"og:image:width\" content=\"1200\" \/>\n\t<meta property=\"og:image:height\" content=\"500\" \/>\n\t<meta property=\"og:image:type\" content=\"image\/jpeg\" \/>\n<meta name=\"twitter:card\" content=\"summary_large_image\" \/>\n<meta name=\"twitter:label1\" content=\"Gesch\u00e4tzte Lesezeit\" \/>\n\t<meta name=\"twitter:data1\" content=\"2\u00a0Minuten\" \/>\n<script type=\"application\/ld+json\" class=\"yoast-schema-graph\">{\"@context\":\"https:\\\/\\\/schema.org\",\"@graph\":[{\"@type\":\"WebPage\",\"@id\":\"https:\\\/\\\/nachhaltigkeitskompass-niedersachsen.de\\\/?page_id=13\",\"url\":\"https:\\\/\\\/nachhaltigkeitskompass-niedersachsen.de\\\/?page_id=13\",\"name\":\"Kooperation - Nachhaltigskeitskompass Niedersachsen\",\"isPartOf\":{\"@id\":\"https:\\\/\\\/nachhaltigkeitskompass-niedersachsen.de\\\/#website\"},\"primaryImageOfPage\":{\"@id\":\"https:\\\/\\\/nachhaltigkeitskompass-niedersachsen.de\\\/?page_id=13#primaryimage\"},\"image\":{\"@id\":\"https:\\\/\\\/nachhaltigkeitskompass-niedersachsen.de\\\/?page_id=13#primaryimage\"},\"thumbnailUrl\":\"https:\\\/\\\/nachhaltigkeitskompass-niedersachsen.de\\\/wp-content\\\/uploads\\\/2024\\\/11\\\/Kooperation.jpg\",\"datePublished\":\"2024-04-08T08:27:56+00:00\",\"dateModified\":\"2024-11-19T08:24:50+00:00\",\"breadcrumb\":{\"@id\":\"https:\\\/\\\/nachhaltigkeitskompass-niedersachsen.de\\\/?page_id=13#breadcrumb\"},\"inLanguage\":\"de\",\"potentialAction\":[{\"@type\":\"ReadAction\",\"target\":[\"https:\\\/\\\/nachhaltigkeitskompass-niedersachsen.de\\\/?page_id=13\"]}]},{\"@type\":\"ImageObject\",\"inLanguage\":\"de\",\"@id\":\"https:\\\/\\\/nachhaltigkeitskompass-niedersachsen.de\\\/?page_id=13#primaryimage\",\"url\":\"https:\\\/\\\/nachhaltigkeitskompass-niedersachsen.de\\\/wp-content\\\/uploads\\\/2024\\\/11\\\/Kooperation.jpg\",\"contentUrl\":\"https:\\\/\\\/nachhaltigkeitskompass-niedersachsen.de\\\/wp-content\\\/uploads\\\/2024\\\/11\\\/Kooperation.jpg\",\"width\":1200,\"height\":500},{\"@type\":\"BreadcrumbList\",\"@id\":\"https:\\\/\\\/nachhaltigkeitskompass-niedersachsen.de\\\/?page_id=13#breadcrumb\",\"itemListElement\":[{\"@type\":\"ListItem\",\"position\":1,\"name\":\"Startseite\",\"item\":\"https:\\\/\\\/nachhaltigkeitskompass-niedersachsen.de\\\/\"},{\"@type\":\"ListItem\",\"position\":2,\"name\":\"Kooperation\"}]},{\"@type\":\"WebSite\",\"@id\":\"https:\\\/\\\/nachhaltigkeitskompass-niedersachsen.de\\\/#website\",\"url\":\"https:\\\/\\\/nachhaltigkeitskompass-niedersachsen.de\\\/\",\"name\":\"Nachhaltigskeitskompass Niedersachsen\",\"description\":\"\",\"publisher\":{\"@id\":\"https:\\\/\\\/nachhaltigkeitskompass-niedersachsen.de\\\/#organization\"},\"potentialAction\":[{\"@type\":\"SearchAction\",\"target\":{\"@type\":\"EntryPoint\",\"urlTemplate\":\"https:\\\/\\\/nachhaltigkeitskompass-niedersachsen.de\\\/?s={search_term_string}\"},\"query-input\":{\"@type\":\"PropertyValueSpecification\",\"valueRequired\":true,\"valueName\":\"search_term_string\"}}],\"inLanguage\":\"de\"},{\"@type\":\"Organization\",\"@id\":\"https:\\\/\\\/nachhaltigkeitskompass-niedersachsen.de\\\/#organization\",\"name\":\"Nachhaltigskeitskompass Niedersachsen\",\"url\":\"https:\\\/\\\/nachhaltigkeitskompass-niedersachsen.de\\\/\",\"logo\":{\"@type\":\"ImageObject\",\"inLanguage\":\"de\",\"@id\":\"https:\\\/\\\/nachhaltigkeitskompass-niedersachsen.de\\\/#\\\/schema\\\/logo\\\/image\\\/\",\"url\":\"https:\\\/\\\/nachhaltigkeitskompass-niedersachsen.de\\\/wp-content\\\/uploads\\\/2024\\\/04\\\/logo-about-cities-transparent-frei-schrift-weiss-1.webp\",\"contentUrl\":\"https:\\\/\\\/nachhaltigkeitskompass-niedersachsen.de\\\/wp-content\\\/uploads\\\/2024\\\/04\\\/logo-about-cities-transparent-frei-schrift-weiss-1.webp\",\"width\":300,\"height\":283,\"caption\":\"Nachhaltigskeitskompass Niedersachsen\"},\"image\":{\"@id\":\"https:\\\/\\\/nachhaltigkeitskompass-niedersachsen.de\\\/#\\\/schema\\\/logo\\\/image\\\/\"}}]}<\/script>\n<!-- \/ Yoast SEO plugin. -->","yoast_head_json":{"title":"Kooperation - Nachhaltigskeitskompass Niedersachsen","robots":{"index":"index","follow":"follow","max-snippet":"max-snippet:-1","max-image-preview":"max-image-preview:large","max-video-preview":"max-video-preview:-1"},"canonical":"https:\/\/nachhaltigkeitskompass-niedersachsen.de\/?page_id=13","og_locale":"de_DE","og_type":"article","og_title":"Kooperation - Nachhaltigskeitskompass Niedersachsen","og_description":"Im Nachhaltigkeitskontext zielt das Handlungsfeld Kooperation darauf ab, durch Zusammenarbeit zwischen verschiedenen Akteuren \u2013 Unternehmen, Regierungen, NGOs und anderen Organisationen \u2013 gemeinsame nachhaltige Ziele zu erreichen. Kooperationen sind entscheidend, um Ressourcen, Wissen und F\u00e4higkeiten zu b\u00fcndeln und komplexe Herausforderungen wie Klimawandel, soziale Ungleichheit und Ressourcenschonung wirksam anzugehen. Kooperation erm\u00f6glicht es, innovative L\u00f6sungen zu entwickeln, Skaleneffekte [&hellip;]","og_url":"https:\/\/nachhaltigkeitskompass-niedersachsen.de\/?page_id=13","og_site_name":"Nachhaltigskeitskompass Niedersachsen","article_modified_time":"2024-11-19T08:24:50+00:00","og_image":[{"width":1200,"height":500,"url":"https:\/\/nachhaltigkeitskompass-niedersachsen.de\/wp-content\/uploads\/2024\/11\/Kooperation.jpg","type":"image\/jpeg"}],"twitter_card":"summary_large_image","twitter_misc":{"Gesch\u00e4tzte Lesezeit":"2\u00a0Minuten"},"schema":{"@context":"https:\/\/schema.org","@graph":[{"@type":"WebPage","@id":"https:\/\/nachhaltigkeitskompass-niedersachsen.de\/?page_id=13","url":"https:\/\/nachhaltigkeitskompass-niedersachsen.de\/?page_id=13","name":"Kooperation - Nachhaltigskeitskompass Niedersachsen","isPartOf":{"@id":"https:\/\/nachhaltigkeitskompass-niedersachsen.de\/#website"},"primaryImageOfPage":{"@id":"https:\/\/nachhaltigkeitskompass-niedersachsen.de\/?page_id=13#primaryimage"},"image":{"@id":"https:\/\/nachhaltigkeitskompass-niedersachsen.de\/?page_id=13#primaryimage"},"thumbnailUrl":"https:\/\/nachhaltigkeitskompass-niedersachsen.de\/wp-content\/uploads\/2024\/11\/Kooperation.jpg","datePublished":"2024-04-08T08:27:56+00:00","dateModified":"2024-11-19T08:24:50+00:00","breadcrumb":{"@id":"https:\/\/nachhaltigkeitskompass-niedersachsen.de\/?page_id=13#breadcrumb"},"inLanguage":"de","potentialAction":[{"@type":"ReadAction","target":["https:\/\/nachhaltigkeitskompass-niedersachsen.de\/?page_id=13"]}]},{"@type":"ImageObject","inLanguage":"de","@id":"https:\/\/nachhaltigkeitskompass-niedersachsen.de\/?page_id=13#primaryimage","url":"https:\/\/nachhaltigkeitskompass-niedersachsen.de\/wp-content\/uploads\/2024\/11\/Kooperation.jpg","contentUrl":"https:\/\/nachhaltigkeitskompass-niedersachsen.de\/wp-content\/uploads\/2024\/11\/Kooperation.jpg","width":1200,"height":500},{"@type":"BreadcrumbList","@id":"https:\/\/nachhaltigkeitskompass-niedersachsen.de\/?page_id=13#breadcrumb","itemListElement":[{"@type":"ListItem","position":1,"name":"Startseite","item":"https:\/\/nachhaltigkeitskompass-niedersachsen.de\/"},{"@type":"ListItem","position":2,"name":"Kooperation"}]},{"@type":"WebSite","@id":"https:\/\/nachhaltigkeitskompass-niedersachsen.de\/#website","url":"https:\/\/nachhaltigkeitskompass-niedersachsen.de\/","name":"Nachhaltigskeitskompass Niedersachsen","description":"","publisher":{"@id":"https:\/\/nachhaltigkeitskompass-niedersachsen.de\/#organization"},"potentialAction":[{"@type":"SearchAction","target":{"@type":"EntryPoint","urlTemplate":"https:\/\/nachhaltigkeitskompass-niedersachsen.de\/?s={search_term_string}"},"query-input":{"@type":"PropertyValueSpecification","valueRequired":true,"valueName":"search_term_string"}}],"inLanguage":"de"},{"@type":"Organization","@id":"https:\/\/nachhaltigkeitskompass-niedersachsen.de\/#organization","name":"Nachhaltigskeitskompass Niedersachsen","url":"https:\/\/nachhaltigkeitskompass-niedersachsen.de\/","logo":{"@type":"ImageObject","inLanguage":"de","@id":"https:\/\/nachhaltigkeitskompass-niedersachsen.de\/#\/schema\/logo\/image\/","url":"https:\/\/nachhaltigkeitskompass-niedersachsen.de\/wp-content\/uploads\/2024\/04\/logo-about-cities-transparent-frei-schrift-weiss-1.webp","contentUrl":"https:\/\/nachhaltigkeitskompass-niedersachsen.de\/wp-content\/uploads\/2024\/04\/logo-about-cities-transparent-frei-schrift-weiss-1.webp","width":300,"height":283,"caption":"Nachhaltigskeitskompass Niedersachsen"},"image":{"@id":"https:\/\/nachhaltigkeitskompass-niedersachsen.de\/#\/schema\/logo\/image\/"}}]}},"_links":{"self":[{"href":"https:\/\/nachhaltigkeitskompass-niedersachsen.de\/index.php?rest_route=\/wp\/v2\/pages\/13","targetHints":{"allow":["GET"]}}],"collection":[{"href":"https:\/\/nachhaltigkeitskompass-niedersachsen.de\/index.php?rest_route=\/wp\/v2\/pages"}],"about":[{"href":"https:\/\/nachhaltigkeitskompass-niedersachsen.de\/index.php?rest_route=\/wp\/v2\/types\/page"}],"author":[{"embeddable":true,"href":"https:\/\/nachhaltigkeitskompass-niedersachsen.de\/index.php?rest_route=\/wp\/v2\/users\/1"}],"replies":[{"embeddable":true,"href":"https:\/\/nachhaltigkeitskompass-niedersachsen.de\/index.php?rest_route=%2Fwp%2Fv2%2Fcomments&post=13"}],"version-history":[{"count":4,"href":"https:\/\/nachhaltigkeitskompass-niedersachsen.de\/index.php?rest_route=\/wp\/v2\/pages\/13\/revisions"}],"predecessor-version":[{"id":623,"href":"https:\/\/nachhaltigkeitskompass-niedersachsen.de\/index.php?rest_route=\/wp\/v2\/pages\/13\/revisions\/623"}],"wp:featuredmedia":[{"embeddable":true,"href":"https:\/\/nachhaltigkeitskompass-niedersachsen.de\/index.php?rest_route=\/wp\/v2\/media\/329"}],"wp:attachment":[{"href":"https:\/\/nachhaltigkeitskompass-niedersachsen.de\/index.php?rest_route=%2Fwp%2Fv2%2Fmedia&parent=13"}],"curies":[{"name":"wp","href":"https:\/\/api.w.org\/{rel}","templated":true}]}}