{"id":120,"date":"2024-11-07T00:36:08","date_gmt":"2024-11-07T00:36:08","guid":{"rendered":"https:\/\/nachhaltigkeitskompass-niedersachsen.de\/?page_id=120"},"modified":"2024-11-19T08:43:09","modified_gmt":"2024-11-19T08:43:09","slug":"kuenstliche-intelligenz-ki","status":"publish","type":"page","link":"https:\/\/nachhaltigkeitskompass-niedersachsen.de\/?page_id=120","title":{"rendered":"K\u00fcnstliche Intelligenz (KI)"},"content":{"rendered":"\n<p>KI repr\u00e4sentiert die Entwicklung von Computersystemen, die Aufgaben ausf\u00fchren k\u00f6nnen, die normalerweise menschliche Intelligenz erfordern, wie visuelle Wahrnehmung, Spracherkennung, Entscheidungsfindung und \u00dcbersetzung zwischen Sprachen. K\u00fcnstliche Intelligenz umfasst ein breites Spektrum an Technologien, einschlie\u00dflich maschinelles Lernen, neuronale Netze und automatisierte Entscheidungsfindung. KI hat das Potenzial, zahlreiche Aspekte der Informationstechnologie zu transformieren, von der Automatisierung routinem\u00e4\u00dfiger Aufgaben bis hin zur Erm\u00f6glichung neuer Formen der Interaktion zwischen Mensch und Maschine.<\/p>\n\n\n\n<h2 class=\"wp-block-heading\">Aktuelle Beitr\u00e4ge zum Thema K\u00fcnstliche Intelligenz (KI)<\/h2>\n\n\n<ul class=\"wp-block-latest-posts__list wp-block-latest-posts\"><\/ul>","protected":false},"excerpt":{"rendered":"<p>KI repr\u00e4sentiert die Entwicklung von Computersystemen, die Aufgaben ausf\u00fchren k\u00f6nnen, die normalerweise menschliche Intelligenz erfordern, wie visuelle Wahrnehmung, Spracherkennung, Entscheidungsfindung und \u00dcbersetzung zwischen Sprachen. K\u00fcnstliche Intelligenz umfasst ein breites Spektrum an Technologien, einschlie\u00dflich maschinelles Lernen, neuronale Netze und automatisierte Entscheidungsfindung. KI hat das Potenzial, zahlreiche Aspekte der Informationstechnologie zu transformieren, von der Automatisierung routinem\u00e4\u00dfiger Aufgaben [&hellip;]<\/p>\n","protected":false},"author":5,"featured_media":0,"parent":27,"menu_order":0,"comment_status":"closed","ping_status":"closed","template":"","meta":{"footnotes":""},"class_list":["post-120","page","type-page","status-publish","hentry"],"yoast_head":"<!-- This site is optimized with the Yoast SEO plugin v27.4 - https:\/\/yoast.com\/product\/yoast-seo-wordpress\/ -->\n<title>K\u00fcnstliche Intelligenz (KI) - Nachhaltigskeitskompass Niedersachsen<\/title>\n<meta name=\"robots\" content=\"index, follow, max-snippet:-1, max-image-preview:large, max-video-preview:-1\" \/>\n<link rel=\"canonical\" href=\"https:\/\/nachhaltigkeitskompass-niedersachsen.de\/?page_id=120\" \/>\n<meta property=\"og:locale\" content=\"de_DE\" \/>\n<meta property=\"og:type\" content=\"article\" \/>\n<meta property=\"og:title\" content=\"K\u00fcnstliche Intelligenz (KI) - Nachhaltigskeitskompass Niedersachsen\" \/>\n<meta property=\"og:description\" content=\"KI repr\u00e4sentiert die Entwicklung von Computersystemen, die Aufgaben ausf\u00fchren k\u00f6nnen, die normalerweise menschliche Intelligenz erfordern, wie visuelle Wahrnehmung, Spracherkennung, Entscheidungsfindung und \u00dcbersetzung zwischen Sprachen. K\u00fcnstliche Intelligenz umfasst ein breites Spektrum an Technologien, einschlie\u00dflich maschinelles Lernen, neuronale Netze und automatisierte Entscheidungsfindung. KI hat das Potenzial, zahlreiche Aspekte der Informationstechnologie zu transformieren, von der Automatisierung routinem\u00e4\u00dfiger Aufgaben [&hellip;]\" \/>\n<meta property=\"og:url\" content=\"https:\/\/nachhaltigkeitskompass-niedersachsen.de\/?page_id=120\" \/>\n<meta property=\"og:site_name\" content=\"Nachhaltigskeitskompass Niedersachsen\" \/>\n<meta property=\"article:modified_time\" content=\"2024-11-19T08:43:09+00:00\" \/>\n<meta name=\"twitter:card\" content=\"summary_large_image\" \/>\n<meta name=\"twitter:label1\" content=\"Gesch\u00e4tzte Lesezeit\" \/>\n\t<meta name=\"twitter:data1\" content=\"1\u00a0Minute\" \/>\n<script type=\"application\/ld+json\" class=\"yoast-schema-graph\">{\"@context\":\"https:\\\/\\\/schema.org\",\"@graph\":[{\"@type\":\"WebPage\",\"@id\":\"https:\\\/\\\/nachhaltigkeitskompass-niedersachsen.de\\\/?page_id=120\",\"url\":\"https:\\\/\\\/nachhaltigkeitskompass-niedersachsen.de\\\/?page_id=120\",\"name\":\"K\u00fcnstliche Intelligenz (KI) - Nachhaltigskeitskompass Niedersachsen\",\"isPartOf\":{\"@id\":\"https:\\\/\\\/nachhaltigkeitskompass-niedersachsen.de\\\/#website\"},\"datePublished\":\"2024-11-07T00:36:08+00:00\",\"dateModified\":\"2024-11-19T08:43:09+00:00\",\"breadcrumb\":{\"@id\":\"https:\\\/\\\/nachhaltigkeitskompass-niedersachsen.de\\\/?page_id=120#breadcrumb\"},\"inLanguage\":\"de\",\"potentialAction\":[{\"@type\":\"ReadAction\",\"target\":[\"https:\\\/\\\/nachhaltigkeitskompass-niedersachsen.de\\\/?page_id=120\"]}]},{\"@type\":\"BreadcrumbList\",\"@id\":\"https:\\\/\\\/nachhaltigkeitskompass-niedersachsen.de\\\/?page_id=120#breadcrumb\",\"itemListElement\":[{\"@type\":\"ListItem\",\"position\":1,\"name\":\"Startseite\",\"item\":\"https:\\\/\\\/nachhaltigkeitskompass-niedersachsen.de\\\/\"},{\"@type\":\"ListItem\",\"position\":2,\"name\":\"Informationstechnologie\",\"item\":\"https:\\\/\\\/nachhaltigkeitskompass-niedersachsen.de\\\/?page_id=27\"},{\"@type\":\"ListItem\",\"position\":3,\"name\":\"K\u00fcnstliche Intelligenz (KI)\"}]},{\"@type\":\"WebSite\",\"@id\":\"https:\\\/\\\/nachhaltigkeitskompass-niedersachsen.de\\\/#website\",\"url\":\"https:\\\/\\\/nachhaltigkeitskompass-niedersachsen.de\\\/\",\"name\":\"Nachhaltigskeitskompass Niedersachsen\",\"description\":\"\",\"publisher\":{\"@id\":\"https:\\\/\\\/nachhaltigkeitskompass-niedersachsen.de\\\/#organization\"},\"potentialAction\":[{\"@type\":\"SearchAction\",\"target\":{\"@type\":\"EntryPoint\",\"urlTemplate\":\"https:\\\/\\\/nachhaltigkeitskompass-niedersachsen.de\\\/?s={search_term_string}\"},\"query-input\":{\"@type\":\"PropertyValueSpecification\",\"valueRequired\":true,\"valueName\":\"search_term_string\"}}],\"inLanguage\":\"de\"},{\"@type\":\"Organization\",\"@id\":\"https:\\\/\\\/nachhaltigkeitskompass-niedersachsen.de\\\/#organization\",\"name\":\"Nachhaltigskeitskompass Niedersachsen\",\"url\":\"https:\\\/\\\/nachhaltigkeitskompass-niedersachsen.de\\\/\",\"logo\":{\"@type\":\"ImageObject\",\"inLanguage\":\"de\",\"@id\":\"https:\\\/\\\/nachhaltigkeitskompass-niedersachsen.de\\\/#\\\/schema\\\/logo\\\/image\\\/\",\"url\":\"https:\\\/\\\/nachhaltigkeitskompass-niedersachsen.de\\\/wp-content\\\/uploads\\\/2024\\\/04\\\/logo-about-cities-transparent-frei-schrift-weiss-1.webp\",\"contentUrl\":\"https:\\\/\\\/nachhaltigkeitskompass-niedersachsen.de\\\/wp-content\\\/uploads\\\/2024\\\/04\\\/logo-about-cities-transparent-frei-schrift-weiss-1.webp\",\"width\":300,\"height\":283,\"caption\":\"Nachhaltigskeitskompass Niedersachsen\"},\"image\":{\"@id\":\"https:\\\/\\\/nachhaltigkeitskompass-niedersachsen.de\\\/#\\\/schema\\\/logo\\\/image\\\/\"}}]}<\/script>\n<!-- \/ Yoast SEO plugin. -->","yoast_head_json":{"title":"K\u00fcnstliche Intelligenz (KI) - Nachhaltigskeitskompass Niedersachsen","robots":{"index":"index","follow":"follow","max-snippet":"max-snippet:-1","max-image-preview":"max-image-preview:large","max-video-preview":"max-video-preview:-1"},"canonical":"https:\/\/nachhaltigkeitskompass-niedersachsen.de\/?page_id=120","og_locale":"de_DE","og_type":"article","og_title":"K\u00fcnstliche Intelligenz (KI) - Nachhaltigskeitskompass Niedersachsen","og_description":"KI repr\u00e4sentiert die Entwicklung von Computersystemen, die Aufgaben ausf\u00fchren k\u00f6nnen, die normalerweise menschliche Intelligenz erfordern, wie visuelle Wahrnehmung, Spracherkennung, Entscheidungsfindung und \u00dcbersetzung zwischen Sprachen. K\u00fcnstliche Intelligenz umfasst ein breites Spektrum an Technologien, einschlie\u00dflich maschinelles Lernen, neuronale Netze und automatisierte Entscheidungsfindung. KI hat das Potenzial, zahlreiche Aspekte der Informationstechnologie zu transformieren, von der Automatisierung routinem\u00e4\u00dfiger Aufgaben [&hellip;]","og_url":"https:\/\/nachhaltigkeitskompass-niedersachsen.de\/?page_id=120","og_site_name":"Nachhaltigskeitskompass Niedersachsen","article_modified_time":"2024-11-19T08:43:09+00:00","twitter_card":"summary_large_image","twitter_misc":{"Gesch\u00e4tzte Lesezeit":"1\u00a0Minute"},"schema":{"@context":"https:\/\/schema.org","@graph":[{"@type":"WebPage","@id":"https:\/\/nachhaltigkeitskompass-niedersachsen.de\/?page_id=120","url":"https:\/\/nachhaltigkeitskompass-niedersachsen.de\/?page_id=120","name":"K\u00fcnstliche Intelligenz (KI) - Nachhaltigskeitskompass Niedersachsen","isPartOf":{"@id":"https:\/\/nachhaltigkeitskompass-niedersachsen.de\/#website"},"datePublished":"2024-11-07T00:36:08+00:00","dateModified":"2024-11-19T08:43:09+00:00","breadcrumb":{"@id":"https:\/\/nachhaltigkeitskompass-niedersachsen.de\/?page_id=120#breadcrumb"},"inLanguage":"de","potentialAction":[{"@type":"ReadAction","target":["https:\/\/nachhaltigkeitskompass-niedersachsen.de\/?page_id=120"]}]},{"@type":"BreadcrumbList","@id":"https:\/\/nachhaltigkeitskompass-niedersachsen.de\/?page_id=120#breadcrumb","itemListElement":[{"@type":"ListItem","position":1,"name":"Startseite","item":"https:\/\/nachhaltigkeitskompass-niedersachsen.de\/"},{"@type":"ListItem","position":2,"name":"Informationstechnologie","item":"https:\/\/nachhaltigkeitskompass-niedersachsen.de\/?page_id=27"},{"@type":"ListItem","position":3,"name":"K\u00fcnstliche Intelligenz (KI)"}]},{"@type":"WebSite","@id":"https:\/\/nachhaltigkeitskompass-niedersachsen.de\/#website","url":"https:\/\/nachhaltigkeitskompass-niedersachsen.de\/","name":"Nachhaltigskeitskompass Niedersachsen","description":"","publisher":{"@id":"https:\/\/nachhaltigkeitskompass-niedersachsen.de\/#organization"},"potentialAction":[{"@type":"SearchAction","target":{"@type":"EntryPoint","urlTemplate":"https:\/\/nachhaltigkeitskompass-niedersachsen.de\/?s={search_term_string}"},"query-input":{"@type":"PropertyValueSpecification","valueRequired":true,"valueName":"search_term_string"}}],"inLanguage":"de"},{"@type":"Organization","@id":"https:\/\/nachhaltigkeitskompass-niedersachsen.de\/#organization","name":"Nachhaltigskeitskompass Niedersachsen","url":"https:\/\/nachhaltigkeitskompass-niedersachsen.de\/","logo":{"@type":"ImageObject","inLanguage":"de","@id":"https:\/\/nachhaltigkeitskompass-niedersachsen.de\/#\/schema\/logo\/image\/","url":"https:\/\/nachhaltigkeitskompass-niedersachsen.de\/wp-content\/uploads\/2024\/04\/logo-about-cities-transparent-frei-schrift-weiss-1.webp","contentUrl":"https:\/\/nachhaltigkeitskompass-niedersachsen.de\/wp-content\/uploads\/2024\/04\/logo-about-cities-transparent-frei-schrift-weiss-1.webp","width":300,"height":283,"caption":"Nachhaltigskeitskompass Niedersachsen"},"image":{"@id":"https:\/\/nachhaltigkeitskompass-niedersachsen.de\/#\/schema\/logo\/image\/"}}]}},"_links":{"self":[{"href":"https:\/\/nachhaltigkeitskompass-niedersachsen.de\/index.php?rest_route=\/wp\/v2\/pages\/120","targetHints":{"allow":["GET"]}}],"collection":[{"href":"https:\/\/nachhaltigkeitskompass-niedersachsen.de\/index.php?rest_route=\/wp\/v2\/pages"}],"about":[{"href":"https:\/\/nachhaltigkeitskompass-niedersachsen.de\/index.php?rest_route=\/wp\/v2\/types\/page"}],"author":[{"embeddable":true,"href":"https:\/\/nachhaltigkeitskompass-niedersachsen.de\/index.php?rest_route=\/wp\/v2\/users\/5"}],"replies":[{"embeddable":true,"href":"https:\/\/nachhaltigkeitskompass-niedersachsen.de\/index.php?rest_route=%2Fwp%2Fv2%2Fcomments&post=120"}],"version-history":[{"count":3,"href":"https:\/\/nachhaltigkeitskompass-niedersachsen.de\/index.php?rest_route=\/wp\/v2\/pages\/120\/revisions"}],"predecessor-version":[{"id":639,"href":"https:\/\/nachhaltigkeitskompass-niedersachsen.de\/index.php?rest_route=\/wp\/v2\/pages\/120\/revisions\/639"}],"up":[{"embeddable":true,"href":"https:\/\/nachhaltigkeitskompass-niedersachsen.de\/index.php?rest_route=\/wp\/v2\/pages\/27"}],"wp:attachment":[{"href":"https:\/\/nachhaltigkeitskompass-niedersachsen.de\/index.php?rest_route=%2Fwp%2Fv2%2Fmedia&parent=120"}],"curies":[{"name":"wp","href":"https:\/\/api.w.org\/{rel}","templated":true}]}}