{"id":111,"date":"2024-11-07T00:33:54","date_gmt":"2024-11-07T00:33:54","guid":{"rendered":"https:\/\/nachhaltigkeitskompass-niedersachsen.de\/?page_id=111"},"modified":"2024-11-19T08:41:48","modified_gmt":"2024-11-19T08:41:48","slug":"technologische-infrastruktur-und-werkzeuge","status":"publish","type":"page","link":"https:\/\/nachhaltigkeitskompass-niedersachsen.de\/?page_id=111","title":{"rendered":"Technologische Infrastruktur und Werkzeuge"},"content":{"rendered":"\n<ul class=\"wp-block-list\">\n<li>Daten\/Datenbanken: Daten und die Systeme, die sie speichern, verarbeiten und abrufen (Datenbanken), bilden das R\u00fcckgrat vieler IT-Systeme. Diese Kategorie bezieht sich auf die Organisation, Speicherung und Analyse von Daten, die f\u00fcr Gesch\u00e4ftsprozesse, Forschung und Entscheidungsfindung essentiell sind. Datenbanken k\u00f6nnen von einfachen Tabellenkalkulationen bis hin zu komplexen verteilten Datenbanksystemen reichen, die gro\u00dfe Mengen von Big Data verwalten.<\/li>\n\n\n\n<li>Tools: Diese Kategorie umfasst eine breite Palette von Software- und Hardware-Werkzeugen, die in verschiedenen Bereichen der Informationstechnologie eingesetzt werden. Dazu geh\u00f6ren Entwicklungswerkzeuge, Anwendungssoftware, Betriebssysteme und Netzwerkmanagement-Tools. Tools sind die grundlegenden Bausteine, mit denen IT-Fachleute und Endnutzer interagieren, um Aufgaben zu erledigen, Prozesse zu automatisieren und Probleme zu l\u00f6sen.<\/li>\n<\/ul>\n\n\n\n<h2 class=\"wp-block-heading\">Aktuelle Beitr\u00e4ge zu Technologische Infrastruktur und Werkzeuge<\/h2>\n\n\n<ul class=\"wp-block-latest-posts__list wp-block-latest-posts\"><\/ul>","protected":false},"excerpt":{"rendered":"<p>Aktuelle Beitr\u00e4ge zu Technologische Infrastruktur und Werkzeuge<\/p>\n","protected":false},"author":4,"featured_media":0,"parent":27,"menu_order":0,"comment_status":"closed","ping_status":"closed","template":"","meta":{"footnotes":""},"class_list":["post-111","page","type-page","status-publish","hentry"],"yoast_head":"<!-- This site is optimized with the Yoast SEO plugin v27.4 - https:\/\/yoast.com\/product\/yoast-seo-wordpress\/ -->\n<title>Technologische Infrastruktur und Werkzeuge - Nachhaltigskeitskompass Niedersachsen<\/title>\n<meta name=\"robots\" content=\"index, follow, max-snippet:-1, max-image-preview:large, max-video-preview:-1\" \/>\n<link rel=\"canonical\" href=\"https:\/\/nachhaltigkeitskompass-niedersachsen.de\/?page_id=111\" \/>\n<meta property=\"og:locale\" content=\"de_DE\" \/>\n<meta property=\"og:type\" content=\"article\" \/>\n<meta property=\"og:title\" content=\"Technologische Infrastruktur und Werkzeuge - Nachhaltigskeitskompass Niedersachsen\" \/>\n<meta property=\"og:description\" content=\"Aktuelle Beitr\u00e4ge zu Technologische Infrastruktur und Werkzeuge\" \/>\n<meta property=\"og:url\" content=\"https:\/\/nachhaltigkeitskompass-niedersachsen.de\/?page_id=111\" \/>\n<meta property=\"og:site_name\" content=\"Nachhaltigskeitskompass Niedersachsen\" \/>\n<meta property=\"article:modified_time\" content=\"2024-11-19T08:41:48+00:00\" \/>\n<meta name=\"twitter:card\" content=\"summary_large_image\" \/>\n<meta name=\"twitter:label1\" content=\"Gesch\u00e4tzte Lesezeit\" \/>\n\t<meta name=\"twitter:data1\" content=\"1\u00a0Minute\" \/>\n<script type=\"application\/ld+json\" class=\"yoast-schema-graph\">{\"@context\":\"https:\\\/\\\/schema.org\",\"@graph\":[{\"@type\":\"WebPage\",\"@id\":\"https:\\\/\\\/nachhaltigkeitskompass-niedersachsen.de\\\/?page_id=111\",\"url\":\"https:\\\/\\\/nachhaltigkeitskompass-niedersachsen.de\\\/?page_id=111\",\"name\":\"Technologische Infrastruktur und Werkzeuge - Nachhaltigskeitskompass Niedersachsen\",\"isPartOf\":{\"@id\":\"https:\\\/\\\/nachhaltigkeitskompass-niedersachsen.de\\\/#website\"},\"datePublished\":\"2024-11-07T00:33:54+00:00\",\"dateModified\":\"2024-11-19T08:41:48+00:00\",\"breadcrumb\":{\"@id\":\"https:\\\/\\\/nachhaltigkeitskompass-niedersachsen.de\\\/?page_id=111#breadcrumb\"},\"inLanguage\":\"de\",\"potentialAction\":[{\"@type\":\"ReadAction\",\"target\":[\"https:\\\/\\\/nachhaltigkeitskompass-niedersachsen.de\\\/?page_id=111\"]}]},{\"@type\":\"BreadcrumbList\",\"@id\":\"https:\\\/\\\/nachhaltigkeitskompass-niedersachsen.de\\\/?page_id=111#breadcrumb\",\"itemListElement\":[{\"@type\":\"ListItem\",\"position\":1,\"name\":\"Startseite\",\"item\":\"https:\\\/\\\/nachhaltigkeitskompass-niedersachsen.de\\\/\"},{\"@type\":\"ListItem\",\"position\":2,\"name\":\"Informationstechnologie\",\"item\":\"https:\\\/\\\/nachhaltigkeitskompass-niedersachsen.de\\\/?page_id=27\"},{\"@type\":\"ListItem\",\"position\":3,\"name\":\"Technologische Infrastruktur und Werkzeuge\"}]},{\"@type\":\"WebSite\",\"@id\":\"https:\\\/\\\/nachhaltigkeitskompass-niedersachsen.de\\\/#website\",\"url\":\"https:\\\/\\\/nachhaltigkeitskompass-niedersachsen.de\\\/\",\"name\":\"Nachhaltigskeitskompass Niedersachsen\",\"description\":\"\",\"publisher\":{\"@id\":\"https:\\\/\\\/nachhaltigkeitskompass-niedersachsen.de\\\/#organization\"},\"potentialAction\":[{\"@type\":\"SearchAction\",\"target\":{\"@type\":\"EntryPoint\",\"urlTemplate\":\"https:\\\/\\\/nachhaltigkeitskompass-niedersachsen.de\\\/?s={search_term_string}\"},\"query-input\":{\"@type\":\"PropertyValueSpecification\",\"valueRequired\":true,\"valueName\":\"search_term_string\"}}],\"inLanguage\":\"de\"},{\"@type\":\"Organization\",\"@id\":\"https:\\\/\\\/nachhaltigkeitskompass-niedersachsen.de\\\/#organization\",\"name\":\"Nachhaltigskeitskompass Niedersachsen\",\"url\":\"https:\\\/\\\/nachhaltigkeitskompass-niedersachsen.de\\\/\",\"logo\":{\"@type\":\"ImageObject\",\"inLanguage\":\"de\",\"@id\":\"https:\\\/\\\/nachhaltigkeitskompass-niedersachsen.de\\\/#\\\/schema\\\/logo\\\/image\\\/\",\"url\":\"https:\\\/\\\/nachhaltigkeitskompass-niedersachsen.de\\\/wp-content\\\/uploads\\\/2024\\\/04\\\/logo-about-cities-transparent-frei-schrift-weiss-1.webp\",\"contentUrl\":\"https:\\\/\\\/nachhaltigkeitskompass-niedersachsen.de\\\/wp-content\\\/uploads\\\/2024\\\/04\\\/logo-about-cities-transparent-frei-schrift-weiss-1.webp\",\"width\":300,\"height\":283,\"caption\":\"Nachhaltigskeitskompass Niedersachsen\"},\"image\":{\"@id\":\"https:\\\/\\\/nachhaltigkeitskompass-niedersachsen.de\\\/#\\\/schema\\\/logo\\\/image\\\/\"}}]}<\/script>\n<!-- \/ Yoast SEO plugin. -->","yoast_head_json":{"title":"Technologische Infrastruktur und Werkzeuge - Nachhaltigskeitskompass Niedersachsen","robots":{"index":"index","follow":"follow","max-snippet":"max-snippet:-1","max-image-preview":"max-image-preview:large","max-video-preview":"max-video-preview:-1"},"canonical":"https:\/\/nachhaltigkeitskompass-niedersachsen.de\/?page_id=111","og_locale":"de_DE","og_type":"article","og_title":"Technologische Infrastruktur und Werkzeuge - Nachhaltigskeitskompass Niedersachsen","og_description":"Aktuelle Beitr\u00e4ge zu Technologische Infrastruktur und Werkzeuge","og_url":"https:\/\/nachhaltigkeitskompass-niedersachsen.de\/?page_id=111","og_site_name":"Nachhaltigskeitskompass Niedersachsen","article_modified_time":"2024-11-19T08:41:48+00:00","twitter_card":"summary_large_image","twitter_misc":{"Gesch\u00e4tzte Lesezeit":"1\u00a0Minute"},"schema":{"@context":"https:\/\/schema.org","@graph":[{"@type":"WebPage","@id":"https:\/\/nachhaltigkeitskompass-niedersachsen.de\/?page_id=111","url":"https:\/\/nachhaltigkeitskompass-niedersachsen.de\/?page_id=111","name":"Technologische Infrastruktur und Werkzeuge - Nachhaltigskeitskompass Niedersachsen","isPartOf":{"@id":"https:\/\/nachhaltigkeitskompass-niedersachsen.de\/#website"},"datePublished":"2024-11-07T00:33:54+00:00","dateModified":"2024-11-19T08:41:48+00:00","breadcrumb":{"@id":"https:\/\/nachhaltigkeitskompass-niedersachsen.de\/?page_id=111#breadcrumb"},"inLanguage":"de","potentialAction":[{"@type":"ReadAction","target":["https:\/\/nachhaltigkeitskompass-niedersachsen.de\/?page_id=111"]}]},{"@type":"BreadcrumbList","@id":"https:\/\/nachhaltigkeitskompass-niedersachsen.de\/?page_id=111#breadcrumb","itemListElement":[{"@type":"ListItem","position":1,"name":"Startseite","item":"https:\/\/nachhaltigkeitskompass-niedersachsen.de\/"},{"@type":"ListItem","position":2,"name":"Informationstechnologie","item":"https:\/\/nachhaltigkeitskompass-niedersachsen.de\/?page_id=27"},{"@type":"ListItem","position":3,"name":"Technologische Infrastruktur und Werkzeuge"}]},{"@type":"WebSite","@id":"https:\/\/nachhaltigkeitskompass-niedersachsen.de\/#website","url":"https:\/\/nachhaltigkeitskompass-niedersachsen.de\/","name":"Nachhaltigskeitskompass Niedersachsen","description":"","publisher":{"@id":"https:\/\/nachhaltigkeitskompass-niedersachsen.de\/#organization"},"potentialAction":[{"@type":"SearchAction","target":{"@type":"EntryPoint","urlTemplate":"https:\/\/nachhaltigkeitskompass-niedersachsen.de\/?s={search_term_string}"},"query-input":{"@type":"PropertyValueSpecification","valueRequired":true,"valueName":"search_term_string"}}],"inLanguage":"de"},{"@type":"Organization","@id":"https:\/\/nachhaltigkeitskompass-niedersachsen.de\/#organization","name":"Nachhaltigskeitskompass Niedersachsen","url":"https:\/\/nachhaltigkeitskompass-niedersachsen.de\/","logo":{"@type":"ImageObject","inLanguage":"de","@id":"https:\/\/nachhaltigkeitskompass-niedersachsen.de\/#\/schema\/logo\/image\/","url":"https:\/\/nachhaltigkeitskompass-niedersachsen.de\/wp-content\/uploads\/2024\/04\/logo-about-cities-transparent-frei-schrift-weiss-1.webp","contentUrl":"https:\/\/nachhaltigkeitskompass-niedersachsen.de\/wp-content\/uploads\/2024\/04\/logo-about-cities-transparent-frei-schrift-weiss-1.webp","width":300,"height":283,"caption":"Nachhaltigskeitskompass Niedersachsen"},"image":{"@id":"https:\/\/nachhaltigkeitskompass-niedersachsen.de\/#\/schema\/logo\/image\/"}}]}},"_links":{"self":[{"href":"https:\/\/nachhaltigkeitskompass-niedersachsen.de\/index.php?rest_route=\/wp\/v2\/pages\/111","targetHints":{"allow":["GET"]}}],"collection":[{"href":"https:\/\/nachhaltigkeitskompass-niedersachsen.de\/index.php?rest_route=\/wp\/v2\/pages"}],"about":[{"href":"https:\/\/nachhaltigkeitskompass-niedersachsen.de\/index.php?rest_route=\/wp\/v2\/types\/page"}],"author":[{"embeddable":true,"href":"https:\/\/nachhaltigkeitskompass-niedersachsen.de\/index.php?rest_route=\/wp\/v2\/users\/4"}],"replies":[{"embeddable":true,"href":"https:\/\/nachhaltigkeitskompass-niedersachsen.de\/index.php?rest_route=%2Fwp%2Fv2%2Fcomments&post=111"}],"version-history":[{"count":2,"href":"https:\/\/nachhaltigkeitskompass-niedersachsen.de\/index.php?rest_route=\/wp\/v2\/pages\/111\/revisions"}],"predecessor-version":[{"id":635,"href":"https:\/\/nachhaltigkeitskompass-niedersachsen.de\/index.php?rest_route=\/wp\/v2\/pages\/111\/revisions\/635"}],"up":[{"embeddable":true,"href":"https:\/\/nachhaltigkeitskompass-niedersachsen.de\/index.php?rest_route=\/wp\/v2\/pages\/27"}],"wp:attachment":[{"href":"https:\/\/nachhaltigkeitskompass-niedersachsen.de\/index.php?rest_route=%2Fwp%2Fv2%2Fmedia&parent=111"}],"curies":[{"name":"wp","href":"https:\/\/api.w.org\/{rel}","templated":true}]}}